{"id":11,"date":"2023-10-11T16:03:31","date_gmt":"2023-10-11T14:03:31","guid":{"rendered":"https:\/\/osteopathes-neufgrange.fr\/?page_id=11"},"modified":"2024-03-18T18:32:25","modified_gmt":"2024-03-18T17:32:25","slug":"qui-sommes-nous","status":"publish","type":"page","link":"https:\/\/osteopathes-neufgrange.fr\/?page_id=11","title":{"rendered":"Qui sommes-nous ?"},"content":{"rendered":"\t\t<div data-elementor-type=\"wp-page\" data-elementor-id=\"11\" class=\"elementor elementor-11\">\n\t\t\t\t\t\t\t<div class=\"elementor-element elementor-element-87822cc e-flex e-con-boxed e-con e-parent\" data-id=\"87822cc\" data-element_type=\"container\" data-settings=\"{&quot;content_width&quot;:&quot;boxed&quot;}\" data-core-v316-plus=\"true\">\n\t\t\t\t\t<div class=\"e-con-inner\">\n\t\t\t\t<div class=\"elementor-element elementor-element-bf3de97 elementor-widget elementor-widget-heading\" data-id=\"bf3de97\" data-element_type=\"widget\" data-widget_type=\"heading.default\">\n\t\t\t\t<div class=\"elementor-widget-container\">\n\t\t\t<style>\/*! elementor - v3.18.0 - 20-12-2023 *\/\n.elementor-heading-title{padding:0;margin:0;line-height:1}.elementor-widget-heading .elementor-heading-title[class*=elementor-size-]>a{color:inherit;font-size:inherit;line-height:inherit}.elementor-widget-heading .elementor-heading-title.elementor-size-small{font-size:15px}.elementor-widget-heading .elementor-heading-title.elementor-size-medium{font-size:19px}.elementor-widget-heading .elementor-heading-title.elementor-size-large{font-size:29px}.elementor-widget-heading .elementor-heading-title.elementor-size-xl{font-size:39px}.elementor-widget-heading .elementor-heading-title.elementor-size-xxl{font-size:59px}<\/style><h2 class=\"elementor-heading-title elementor-size-default\">Qui sommes-nous ?<\/h2>\t\t<\/div>\n\t\t\t\t<\/div>\n\t\t\t\t<div class=\"elementor-element elementor-element-adc478e elementor-widget elementor-widget-text-editor\" data-id=\"adc478e\" data-element_type=\"widget\" data-widget_type=\"text-editor.default\">\n\t\t\t\t<div class=\"elementor-widget-container\">\n\t\t\t<style>\/*! elementor - v3.18.0 - 20-12-2023 *\/\n.elementor-widget-text-editor.elementor-drop-cap-view-stacked .elementor-drop-cap{background-color:#69727d;color:#fff}.elementor-widget-text-editor.elementor-drop-cap-view-framed .elementor-drop-cap{color:#69727d;border:3px solid;background-color:transparent}.elementor-widget-text-editor:not(.elementor-drop-cap-view-default) .elementor-drop-cap{margin-top:8px}.elementor-widget-text-editor:not(.elementor-drop-cap-view-default) .elementor-drop-cap-letter{width:1em;height:1em}.elementor-widget-text-editor .elementor-drop-cap{float:left;text-align:center;line-height:1;font-size:50px}.elementor-widget-text-editor .elementor-drop-cap-letter{display:inline-block}<\/style>\t\t\t\t<p>Qui sommes-nous ?<\/p>\t\t\t\t\t\t<\/div>\n\t\t\t\t<\/div>\n\t\t\t\t<div class=\"elementor-element elementor-element-50cec2a elementor-widget elementor-widget-text-editor\" data-id=\"50cec2a\" data-element_type=\"widget\" data-widget_type=\"text-editor.default\">\n\t\t\t\t<div class=\"elementor-widget-container\">\n\t\t\t\t\t\t\t<p>Deux Ost\u00e9opathes D.O, Sabine &amp; Nicolas, ayant \u00e0 c\u0153ur d\u2019associer nos comp\u00e9tences afin de non seulement soulager vos douleurs mais aussi de remonter \u00e0 l\u2019origine de vos maux, pour permettre une lib\u00e9ration durable et un v\u00e9ritable mieux-\u00eatre.<\/p>\t\t\t\t\t\t<\/div>\n\t\t\t\t<\/div>\n\t\t\t\t\t<\/div>\n\t\t\t\t<\/div>\n\t\t<div class=\"elementor-element elementor-element-43020bd e-flex e-con-boxed e-con e-parent\" data-id=\"43020bd\" data-element_type=\"container\" data-settings=\"{&quot;content_width&quot;:&quot;boxed&quot;}\" data-core-v316-plus=\"true\">\n\t\t\t\t\t<div class=\"e-con-inner\">\n\t\t<div class=\"elementor-element elementor-element-2cfcbc0 e-con-full e-flex e-con e-child\" data-id=\"2cfcbc0\" data-element_type=\"container\" data-settings=\"{&quot;content_width&quot;:&quot;full&quot;}\">\n\t\t\t\t<div class=\"elementor-element elementor-element-f427a45 elementor-widget elementor-widget-heading\" data-id=\"f427a45\" data-element_type=\"widget\" data-widget_type=\"heading.default\">\n\t\t\t\t<div class=\"elementor-widget-container\">\n\t\t\t<h2 class=\"elementor-heading-title elementor-size-default\">Sabine Engel<\/h2>\t\t<\/div>\n\t\t\t\t<\/div>\n\t\t\t\t<div class=\"elementor-element elementor-element-6510dd4 elementor-widget elementor-widget-text-editor\" data-id=\"6510dd4\" data-element_type=\"widget\" data-widget_type=\"text-editor.default\">\n\t\t\t\t<div class=\"elementor-widget-container\">\n\t\t\t\t\t\t\t<p>Ost\u00e9opathe D. O<\/p>\t\t\t\t\t\t<\/div>\n\t\t\t\t<\/div>\n\t\t\t\t<div class=\"elementor-element elementor-element-5fd0de1 elementor-widget elementor-widget-text-editor\" data-id=\"5fd0de1\" data-element_type=\"widget\" data-widget_type=\"text-editor.default\">\n\t\t\t\t<div class=\"elementor-widget-container\">\n\t\t\t\t\t\t\t<p>Institut Franco Britannique d\u2019Ost\u00e9opathie<\/p>\t\t\t\t\t\t<\/div>\n\t\t\t\t<\/div>\n\t\t\t\t<div class=\"elementor-element elementor-element-bcab362 elementor-widget elementor-widget-image\" data-id=\"bcab362\" data-element_type=\"widget\" data-widget_type=\"image.default\">\n\t\t\t\t<div class=\"elementor-widget-container\">\n\t\t\t<style>\/*! elementor - v3.18.0 - 20-12-2023 *\/\n.elementor-widget-image{text-align:center}.elementor-widget-image a{display:inline-block}.elementor-widget-image a img[src$=\".svg\"]{width:48px}.elementor-widget-image img{vertical-align:middle;display:inline-block}<\/style>\t\t\t\t\t\t\t\t\t\t\t\t<img fetchpriority=\"high\" decoding=\"async\" width=\"1536\" height=\"1536\" src=\"https:\/\/osteopathes-neufgrange.fr\/wp-content\/uploads\/2024\/02\/sabine-engel-osteopathe.jpg\" class=\"attachment-1536x1536 size-1536x1536 wp-image-702\" alt=\"\" srcset=\"https:\/\/osteopathes-neufgrange.fr\/wp-content\/uploads\/2024\/02\/sabine-engel-osteopathe.jpg 1536w, https:\/\/osteopathes-neufgrange.fr\/wp-content\/uploads\/2024\/02\/sabine-engel-osteopathe-300x300.jpg 300w, https:\/\/osteopathes-neufgrange.fr\/wp-content\/uploads\/2024\/02\/sabine-engel-osteopathe-1024x1024.jpg 1024w, https:\/\/osteopathes-neufgrange.fr\/wp-content\/uploads\/2024\/02\/sabine-engel-osteopathe-150x150.jpg 150w, https:\/\/osteopathes-neufgrange.fr\/wp-content\/uploads\/2024\/02\/sabine-engel-osteopathe-768x768.jpg 768w, https:\/\/osteopathes-neufgrange.fr\/wp-content\/uploads\/2024\/02\/sabine-engel-osteopathe-600x600.jpg 600w\" sizes=\"(max-width: 1536px) 100vw, 1536px\" \/>\t\t\t\t\t\t\t\t\t\t\t\t\t\t\t<\/div>\n\t\t\t\t<\/div>\n\t\t\t\t<\/div>\n\t\t<div class=\"elementor-element elementor-element-ffe3a62 e-con-full e-flex e-con e-child\" data-id=\"ffe3a62\" data-element_type=\"container\" data-settings=\"{&quot;content_width&quot;:&quot;full&quot;}\">\n\t\t\t\t<div class=\"elementor-element elementor-element-4b721fc elementor-widget elementor-widget-text-editor\" data-id=\"4b721fc\" data-element_type=\"widget\" data-widget_type=\"text-editor.default\">\n\t\t\t\t<div class=\"elementor-widget-container\">\n\t\t\t\t\t\t\t<p>Depuis mon adolescence, je suis fascin\u00e9e par l\u2019\u00eatre humain et ses capacit\u00e9s.<\/p><p>Comment de la rencontre de 2 cellules tout s\u2019orchestre pour cr\u00e9er cette merveille\u00a0: l\u2019\u00eatre humain.<\/p><p>Et ce cerveau, un organe qui fait office de <strong>chef d\u2019orchestre<\/strong> pour tous les membres et organes du corps humain. Il centralise les informations et renvoie des messages aux diff\u00e9rents membres.<\/p><p>J\u2019ai donc choisi de d\u00e9buter ma carri\u00e8re en tant que <em>masseur kin\u00e9sith\u00e9rapeute D.E<\/em>, il y a 25 ans, pour plonger dans l\u2019univers fascinant de la physiologie et physiopathologie du corps humain.<\/p><p>Toujours \u00e0 la qu\u00eate de la compr\u00e9hension de l\u2019origine des maux, afin d\u2019adapter au mieux le traitement, j\u2019ai effectu\u00e9 de nombreuses formations m\u2019apportant des techniques suppl\u00e9mentaires pour soulager les douleurs et permettre une compr\u00e9hension plus globale des maux et des comportements chez l&rsquo;adulte et l&rsquo;enfant.<\/p><p>Tout cela m\u2019a amen\u00e9 \u00e0 poursuivre en 2006 des \u00e9tudes en <em>ost\u00e9opathie <\/em>pendant 5 ans pour approfondir mes connaissances des lois de la physique et de la chimie qui r\u00e9gissent et gouvernent cette machine magnifique qu\u2019est le corps humain.<\/p><p>Mes \u00e9tudes, mes rencontres et mes diff\u00e9rentes sp\u00e9cialisations notamment p\u00e9diatriques ( ex : trouble de la succion, de l&rsquo;oralit\u00e9) m\u2019ont fait voyager d\u2019une ost\u00e9opathie structurelle vers une conception d\u2019ost\u00e9opathie plus douce non invasive.<\/p>\t\t\t\t\t\t<\/div>\n\t\t\t\t<\/div>\n\t\t\t\t<\/div>\n\t\t\t\t\t<\/div>\n\t\t\t\t<\/div>\n\t\t<div class=\"elementor-element elementor-element-5dbf840 e-flex e-con-boxed e-con e-parent\" data-id=\"5dbf840\" data-element_type=\"container\" data-settings=\"{&quot;content_width&quot;:&quot;boxed&quot;}\" data-core-v316-plus=\"true\">\n\t\t\t\t\t<div class=\"e-con-inner\">\n\t\t\t\t<div class=\"elementor-element elementor-element-cc7444f elementor-widget__width-initial elementor-widget elementor-widget-text-editor\" data-id=\"cc7444f\" data-element_type=\"widget\" data-widget_type=\"text-editor.default\">\n\t\t\t\t<div class=\"elementor-widget-container\">\n\t\t\t\t\t\t\t<p>De plus, une de mes formations en post gradu\u00e9, concernant l\u2019approche tissulaire (de Pierre Tricot, Ost\u00e9opathe D.O) a consolid\u00e9 \/ ancr\u00e9 tout cela.<\/p><p>Une nouvelle approche \u00e0 la fois tout en douceur et en profondeur s\u2019impose \u00e0 moi, aussi bien chez l\u2019adulte que chez l\u2019enfant ou le nourrisson.<\/p><p>En comprenant comment le corps met en \u0153uvre ses diff\u00e9rentes fonctions gr\u00e2ce notamment \u00e0 des connaissances pointues en neuro science, en \u00e9pig\u00e9n\u00e9tique, et sur les liens corps\/pens\u00e9e, mon travail permet actuellement une lib\u00e9ration en profondeur des maux cristallis\u00e9s dans l\u2019organisme chez l\u2019adulte, b\u00e9b\u00e9\/enfant.<\/p><p>A c\u0153ur de pouvoir r\u00e9pondre aux besoins croissants d\u2019\u00e9quilibre corporel\/ \u00e9motionnel, mon coll\u00e8gue Nicolas Schwartz -qui s\u2019inscrit notamment dans la lign\u00e9 de cette approche douce tissulaire- a rejoint l\u2019\u00e9quipe. Nous assurons ensemble une prise en charge compl\u00e8te en associant nos comp\u00e9tences, selon vos besoins.<\/p><p>Ainsi, est n\u00e9 le concept <em>Vous &amp; Votre Sant\u00e9 <\/em>o\u00f9 nous vous accompagnons \u00e0 tour de r\u00f4le, selon la n\u00e9cessit\u00e9, pour am\u00e9liorer votre \u00e9tat de sant\u00e9 corporelle et \u00e9quilibrer votre \u00e9tat d\u2019\u00eatre pour des r\u00e9sultats durable, et am\u00e9liorer votre vitalit\u00e9 pour vivre avec plus de l\u00e9g\u00e8ret\u00e9 au quotidien et\/ou pour \u00eatre plus optimum dans votre travail, votre business.<\/p>\t\t\t\t\t\t<\/div>\n\t\t\t\t<\/div>\n\t\t\t\t<div class=\"elementor-element elementor-element-f4a3389 elementor-widget elementor-widget-image\" data-id=\"f4a3389\" data-element_type=\"widget\" data-widget_type=\"image.default\">\n\t\t\t\t<div class=\"elementor-widget-container\">\n\t\t\t\t\t\t\t\t\t\t\t\t\t\t\t<img decoding=\"async\" width=\"1024\" height=\"24\" src=\"https:\/\/osteopathes-neufgrange.fr\/wp-content\/uploads\/2024\/01\/ligne-1024x24.png\" class=\"attachment-large size-large wp-image-512\" alt=\"\" srcset=\"https:\/\/osteopathes-neufgrange.fr\/wp-content\/uploads\/2024\/01\/ligne-1024x24.png 1024w, https:\/\/osteopathes-neufgrange.fr\/wp-content\/uploads\/2024\/01\/ligne-300x7.png 300w, https:\/\/osteopathes-neufgrange.fr\/wp-content\/uploads\/2024\/01\/ligne-768x18.png 768w, https:\/\/osteopathes-neufgrange.fr\/wp-content\/uploads\/2024\/01\/ligne.png 1374w\" sizes=\"(max-width: 1024px) 100vw, 1024px\" \/>\t\t\t\t\t\t\t\t\t\t\t\t\t\t\t<\/div>\n\t\t\t\t<\/div>\n\t\t\t\t\t<\/div>\n\t\t\t\t<\/div>\n\t\t<div class=\"elementor-element elementor-element-f21d7bc e-flex e-con-boxed e-con e-parent\" data-id=\"f21d7bc\" data-element_type=\"container\" data-settings=\"{&quot;content_width&quot;:&quot;boxed&quot;}\" data-core-v316-plus=\"true\">\n\t\t\t\t\t<div class=\"e-con-inner\">\n\t\t<div class=\"elementor-element elementor-element-9413737 e-con-full e-flex e-con e-child\" data-id=\"9413737\" data-element_type=\"container\" data-settings=\"{&quot;content_width&quot;:&quot;full&quot;}\">\n\t\t\t\t<div class=\"elementor-element elementor-element-6e369c1 elementor-widget elementor-widget-heading\" data-id=\"6e369c1\" data-element_type=\"widget\" data-widget_type=\"heading.default\">\n\t\t\t\t<div class=\"elementor-widget-container\">\n\t\t\t<h2 class=\"elementor-heading-title elementor-size-default\">Nicolas Schwartz<\/h2>\t\t<\/div>\n\t\t\t\t<\/div>\n\t\t\t\t<div class=\"elementor-element elementor-element-3688d1c elementor-widget elementor-widget-text-editor\" data-id=\"3688d1c\" data-element_type=\"widget\" data-widget_type=\"text-editor.default\">\n\t\t\t\t<div class=\"elementor-widget-container\">\n\t\t\t\t\t\t\t<p>Ost\u00e9opathe D. O<\/p>\t\t\t\t\t\t<\/div>\n\t\t\t\t<\/div>\n\t\t\t\t<div class=\"elementor-element elementor-element-a5dbf2b elementor-widget elementor-widget-text-editor\" data-id=\"a5dbf2b\" data-element_type=\"widget\" data-widget_type=\"text-editor.default\">\n\t\t\t\t<div class=\"elementor-widget-container\">\n\t\t\t\t\t\t\t<p>Coll\u00e8gue Ost\u00e9opathique Strasbourg<\/p>\t\t\t\t\t\t<\/div>\n\t\t\t\t<\/div>\n\t\t\t\t<div class=\"elementor-element elementor-element-fa70ee6 elementor-widget elementor-widget-image\" data-id=\"fa70ee6\" data-element_type=\"widget\" data-widget_type=\"image.default\">\n\t\t\t\t<div class=\"elementor-widget-container\">\n\t\t\t\t\t\t\t\t\t\t\t\t\t\t\t<img decoding=\"async\" width=\"1536\" height=\"1536\" src=\"https:\/\/osteopathes-neufgrange.fr\/wp-content\/uploads\/2024\/01\/nicolas-schartz-osteopathe.png\" class=\"attachment-1536x1536 size-1536x1536 wp-image-197\" alt=\"\" srcset=\"https:\/\/osteopathes-neufgrange.fr\/wp-content\/uploads\/2024\/01\/nicolas-schartz-osteopathe.png 1536w, https:\/\/osteopathes-neufgrange.fr\/wp-content\/uploads\/2024\/01\/nicolas-schartz-osteopathe-300x300.png 300w, https:\/\/osteopathes-neufgrange.fr\/wp-content\/uploads\/2024\/01\/nicolas-schartz-osteopathe-1024x1024.png 1024w, https:\/\/osteopathes-neufgrange.fr\/wp-content\/uploads\/2024\/01\/nicolas-schartz-osteopathe-150x150.png 150w, https:\/\/osteopathes-neufgrange.fr\/wp-content\/uploads\/2024\/01\/nicolas-schartz-osteopathe-768x768.png 768w, https:\/\/osteopathes-neufgrange.fr\/wp-content\/uploads\/2024\/01\/nicolas-schartz-osteopathe-600x600.png 600w\" sizes=\"(max-width: 1536px) 100vw, 1536px\" \/>\t\t\t\t\t\t\t\t\t\t\t\t\t\t\t<\/div>\n\t\t\t\t<\/div>\n\t\t\t\t<\/div>\n\t\t<div class=\"elementor-element elementor-element-99bbb2b e-con-full e-flex e-con e-child\" data-id=\"99bbb2b\" data-element_type=\"container\" data-settings=\"{&quot;content_width&quot;:&quot;full&quot;}\">\n\t\t\t\t<div class=\"elementor-element elementor-element-046b4d4 elementor-widget elementor-widget-text-editor\" data-id=\"046b4d4\" data-element_type=\"widget\" data-widget_type=\"text-editor.default\">\n\t\t\t\t<div class=\"elementor-widget-container\">\n\t\t\t\t\t\t\t<p>Baign\u00e9 d\u00e8s mon plus jeune \u00e2ge dans le sport de haut niveau, c\u2019est tout naturellement que je<br \/>suis amen\u00e9 \u00e0 consulter r\u00e9guli\u00e8rement un ost\u00e9opathe en pr\u00e9vention et parfois en traitement de blessures.<\/p><p>Cette fa\u00e7on d\u2019aborder le corps, de ressentir les tensions, les micro- traumatismes me<br \/>fascinait.<\/p><p>Apr\u00e8s une licence d\u2019entraineur sportif (ES) en STAPS, je retrouve ce besoin de comprendre le corps, comme le faisait mon ost\u00e9opathe. Je d\u00e9cide de me lancer dans des \u00e9tudes d\u2019ost\u00e9opathie au COS de Strasbourg.<\/p><p>A l\u2019issue de ce cursus, recherchant cette approche douce que je connaissais, je m\u2019inscris \u00e0 la formation d\u2019approche tissulaire de Pierre Tricot qui sera comme une r\u00e9v\u00e9lation.<\/p><p>C\u2019est ainsi que je souhaitais travailler, car cette m\u00e9thode s\u2019int\u00e9resse au corps dans sa<br \/>globalit\u00e9, en douceur, et surtout en profondeur.<\/p><p>Boost\u00e9 par l\u2019apport de ces nouvelles comp\u00e9tences, j\u2019ai donc tout naturellement souhait\u00e9 poursuivre sur cette lanc\u00e9e, en me formant \u00e0 l\u2019ost\u00e9opathie aupr\u00e8s de mentors, en p\u00e9diatrie avec Christian de France de Tersant, et sur les fascias avec Serge Paoletti.<\/p><p>Ma compr\u00e9hension du corps, cumul\u00e9 \u00e0 ce nouveau panel de techniques me permet \u00e0<br \/>pr\u00e9sent, une prise en charge plus efficace et adapt\u00e9 \u00e0 chacun.<\/p><p>D\u00e9sormais aux cot\u00e9s de Sabine Engel, s\u2019est form\u00e9 un bin\u00f4me th\u00e9rapeutique en phase et compl\u00e9mentaire.<\/p>\t\t\t\t\t\t<\/div>\n\t\t\t\t<\/div>\n\t\t\t\t<\/div>\n\t\t\t\t\t<\/div>\n\t\t\t\t<\/div>\n\t\t\t\t\t\t\t<\/div>\n\t\t","protected":false},"excerpt":{"rendered":"<p>Qui sommes-nous ? Qui sommes-nous ? Deux Ost\u00e9opathes D.O, Sabine &amp; Nicolas, ayant \u00e0 c\u0153ur d\u2019associer nos comp\u00e9tences afin de non seulement soulager vos douleurs mais aussi de remonter \u00e0 l\u2019origine de vos maux, pour permettre une lib\u00e9ration durable et un v\u00e9ritable mieux-\u00eatre. Sabine Engel Ost\u00e9opathe D. O Institut Franco Britannique d\u2019Ost\u00e9opathie Depuis mon adolescence, [&hellip;]<\/p>\n","protected":false},"author":1,"featured_media":0,"parent":0,"menu_order":0,"comment_status":"closed","ping_status":"closed","template":"","meta":{"footnotes":""},"class_list":["post-11","page","type-page","status-publish","hentry","entry"],"yoast_head":"<!-- This site is optimized with the Yoast SEO plugin v21.7 - https:\/\/yoast.com\/wordpress\/plugins\/seo\/ -->\n<title>Qui sommes-nous ? - Ost\u00e9opathes Neufgrange<\/title>\n<meta name=\"robots\" content=\"index, follow, max-snippet:-1, max-image-preview:large, max-video-preview:-1\" \/>\n<link rel=\"canonical\" href=\"https:\/\/osteopathes-neufgrange.fr\/?page_id=11\" \/>\n<meta property=\"og:locale\" content=\"fr_FR\" \/>\n<meta property=\"og:type\" content=\"article\" \/>\n<meta property=\"og:title\" content=\"Qui sommes-nous ? - Ost\u00e9opathes Neufgrange\" \/>\n<meta property=\"og:description\" content=\"Qui sommes-nous ? Qui sommes-nous ? Deux Ost\u00e9opathes D.O, Sabine &amp; Nicolas, ayant \u00e0 c\u0153ur d\u2019associer nos comp\u00e9tences afin de non seulement soulager vos douleurs mais aussi de remonter \u00e0 l\u2019origine de vos maux, pour permettre une lib\u00e9ration durable et un v\u00e9ritable mieux-\u00eatre. Sabine Engel Ost\u00e9opathe D. O Institut Franco Britannique d\u2019Ost\u00e9opathie Depuis mon adolescence, [&hellip;]\" \/>\n<meta property=\"og:url\" content=\"https:\/\/osteopathes-neufgrange.fr\/?page_id=11\" \/>\n<meta property=\"og:site_name\" content=\"Ost\u00e9opathes Neufgrange\" \/>\n<meta property=\"article:modified_time\" content=\"2024-03-18T17:32:25+00:00\" \/>\n<meta property=\"og:image\" content=\"https:\/\/osteopathes-neufgrange.fr\/wp-content\/uploads\/2024\/02\/sabine-engel-osteopathe.jpg\" \/>\n<meta name=\"twitter:card\" content=\"summary_large_image\" \/>\n<meta name=\"twitter:label1\" content=\"Dur\u00e9e de lecture estim\u00e9e\" \/>\n\t<meta name=\"twitter:data1\" content=\"4 minutes\" \/>\n<script type=\"application\/ld+json\" class=\"yoast-schema-graph\">{\"@context\":\"https:\/\/schema.org\",\"@graph\":[{\"@type\":\"WebPage\",\"@id\":\"https:\/\/osteopathes-neufgrange.fr\/?page_id=11\",\"url\":\"https:\/\/osteopathes-neufgrange.fr\/?page_id=11\",\"name\":\"Qui sommes-nous ? - Ost\u00e9opathes Neufgrange\",\"isPartOf\":{\"@id\":\"https:\/\/osteopathes-neufgrange.fr\/#website\"},\"datePublished\":\"2023-10-11T14:03:31+00:00\",\"dateModified\":\"2024-03-18T17:32:25+00:00\",\"breadcrumb\":{\"@id\":\"https:\/\/osteopathes-neufgrange.fr\/?page_id=11#breadcrumb\"},\"inLanguage\":\"fr-FR\",\"potentialAction\":[{\"@type\":\"ReadAction\",\"target\":[\"https:\/\/osteopathes-neufgrange.fr\/?page_id=11\"]}]},{\"@type\":\"BreadcrumbList\",\"@id\":\"https:\/\/osteopathes-neufgrange.fr\/?page_id=11#breadcrumb\",\"itemListElement\":[{\"@type\":\"ListItem\",\"position\":1,\"name\":\"Accueil\",\"item\":\"https:\/\/osteopathes-neufgrange.fr\/\"},{\"@type\":\"ListItem\",\"position\":2,\"name\":\"Qui sommes-nous ?\"}]},{\"@type\":\"WebSite\",\"@id\":\"https:\/\/osteopathes-neufgrange.fr\/#website\",\"url\":\"https:\/\/osteopathes-neufgrange.fr\/\",\"name\":\"Ost\u00e9opathes Neufgrange\",\"description\":\"\",\"publisher\":{\"@id\":\"https:\/\/osteopathes-neufgrange.fr\/#organization\"},\"potentialAction\":[{\"@type\":\"SearchAction\",\"target\":{\"@type\":\"EntryPoint\",\"urlTemplate\":\"https:\/\/osteopathes-neufgrange.fr\/?s={search_term_string}\"},\"query-input\":\"required name=search_term_string\"}],\"inLanguage\":\"fr-FR\"},{\"@type\":\"Organization\",\"@id\":\"https:\/\/osteopathes-neufgrange.fr\/#organization\",\"name\":\"Ost\u00e9opathes Neufgrange\",\"url\":\"https:\/\/osteopathes-neufgrange.fr\/\",\"logo\":{\"@type\":\"ImageObject\",\"inLanguage\":\"fr-FR\",\"@id\":\"https:\/\/osteopathes-neufgrange.fr\/#\/schema\/logo\/image\/\",\"url\":\"https:\/\/osteopathes-neufgrange.fr\/wp-content\/uploads\/2024\/03\/cropped-20240318-logo-def-sabine-engel.png\",\"contentUrl\":\"https:\/\/osteopathes-neufgrange.fr\/wp-content\/uploads\/2024\/03\/cropped-20240318-logo-def-sabine-engel.png\",\"width\":1366,\"height\":502,\"caption\":\"Ost\u00e9opathes Neufgrange\"},\"image\":{\"@id\":\"https:\/\/osteopathes-neufgrange.fr\/#\/schema\/logo\/image\/\"}}]}<\/script>\n<!-- \/ Yoast SEO plugin. -->","yoast_head_json":{"title":"Qui sommes-nous ? - Ost\u00e9opathes Neufgrange","robots":{"index":"index","follow":"follow","max-snippet":"max-snippet:-1","max-image-preview":"max-image-preview:large","max-video-preview":"max-video-preview:-1"},"canonical":"https:\/\/osteopathes-neufgrange.fr\/?page_id=11","og_locale":"fr_FR","og_type":"article","og_title":"Qui sommes-nous ? - Ost\u00e9opathes Neufgrange","og_description":"Qui sommes-nous ? Qui sommes-nous ? Deux Ost\u00e9opathes D.O, Sabine &amp; Nicolas, ayant \u00e0 c\u0153ur d\u2019associer nos comp\u00e9tences afin de non seulement soulager vos douleurs mais aussi de remonter \u00e0 l\u2019origine de vos maux, pour permettre une lib\u00e9ration durable et un v\u00e9ritable mieux-\u00eatre. Sabine Engel Ost\u00e9opathe D. O Institut Franco Britannique d\u2019Ost\u00e9opathie Depuis mon adolescence, [&hellip;]","og_url":"https:\/\/osteopathes-neufgrange.fr\/?page_id=11","og_site_name":"Ost\u00e9opathes Neufgrange","article_modified_time":"2024-03-18T17:32:25+00:00","og_image":[{"url":"https:\/\/osteopathes-neufgrange.fr\/wp-content\/uploads\/2024\/02\/sabine-engel-osteopathe.jpg"}],"twitter_card":"summary_large_image","twitter_misc":{"Dur\u00e9e de lecture estim\u00e9e":"4 minutes"},"schema":{"@context":"https:\/\/schema.org","@graph":[{"@type":"WebPage","@id":"https:\/\/osteopathes-neufgrange.fr\/?page_id=11","url":"https:\/\/osteopathes-neufgrange.fr\/?page_id=11","name":"Qui sommes-nous ? - Ost\u00e9opathes Neufgrange","isPartOf":{"@id":"https:\/\/osteopathes-neufgrange.fr\/#website"},"datePublished":"2023-10-11T14:03:31+00:00","dateModified":"2024-03-18T17:32:25+00:00","breadcrumb":{"@id":"https:\/\/osteopathes-neufgrange.fr\/?page_id=11#breadcrumb"},"inLanguage":"fr-FR","potentialAction":[{"@type":"ReadAction","target":["https:\/\/osteopathes-neufgrange.fr\/?page_id=11"]}]},{"@type":"BreadcrumbList","@id":"https:\/\/osteopathes-neufgrange.fr\/?page_id=11#breadcrumb","itemListElement":[{"@type":"ListItem","position":1,"name":"Accueil","item":"https:\/\/osteopathes-neufgrange.fr\/"},{"@type":"ListItem","position":2,"name":"Qui sommes-nous ?"}]},{"@type":"WebSite","@id":"https:\/\/osteopathes-neufgrange.fr\/#website","url":"https:\/\/osteopathes-neufgrange.fr\/","name":"Ost\u00e9opathes Neufgrange","description":"","publisher":{"@id":"https:\/\/osteopathes-neufgrange.fr\/#organization"},"potentialAction":[{"@type":"SearchAction","target":{"@type":"EntryPoint","urlTemplate":"https:\/\/osteopathes-neufgrange.fr\/?s={search_term_string}"},"query-input":"required name=search_term_string"}],"inLanguage":"fr-FR"},{"@type":"Organization","@id":"https:\/\/osteopathes-neufgrange.fr\/#organization","name":"Ost\u00e9opathes Neufgrange","url":"https:\/\/osteopathes-neufgrange.fr\/","logo":{"@type":"ImageObject","inLanguage":"fr-FR","@id":"https:\/\/osteopathes-neufgrange.fr\/#\/schema\/logo\/image\/","url":"https:\/\/osteopathes-neufgrange.fr\/wp-content\/uploads\/2024\/03\/cropped-20240318-logo-def-sabine-engel.png","contentUrl":"https:\/\/osteopathes-neufgrange.fr\/wp-content\/uploads\/2024\/03\/cropped-20240318-logo-def-sabine-engel.png","width":1366,"height":502,"caption":"Ost\u00e9opathes Neufgrange"},"image":{"@id":"https:\/\/osteopathes-neufgrange.fr\/#\/schema\/logo\/image\/"}}]}},"_links":{"self":[{"href":"https:\/\/osteopathes-neufgrange.fr\/index.php?rest_route=\/wp\/v2\/pages\/11","targetHints":{"allow":["GET"]}}],"collection":[{"href":"https:\/\/osteopathes-neufgrange.fr\/index.php?rest_route=\/wp\/v2\/pages"}],"about":[{"href":"https:\/\/osteopathes-neufgrange.fr\/index.php?rest_route=\/wp\/v2\/types\/page"}],"author":[{"embeddable":true,"href":"https:\/\/osteopathes-neufgrange.fr\/index.php?rest_route=\/wp\/v2\/users\/1"}],"replies":[{"embeddable":true,"href":"https:\/\/osteopathes-neufgrange.fr\/index.php?rest_route=%2Fwp%2Fv2%2Fcomments&post=11"}],"version-history":[{"count":73,"href":"https:\/\/osteopathes-neufgrange.fr\/index.php?rest_route=\/wp\/v2\/pages\/11\/revisions"}],"predecessor-version":[{"id":830,"href":"https:\/\/osteopathes-neufgrange.fr\/index.php?rest_route=\/wp\/v2\/pages\/11\/revisions\/830"}],"wp:attachment":[{"href":"https:\/\/osteopathes-neufgrange.fr\/index.php?rest_route=%2Fwp%2Fv2%2Fmedia&parent=11"}],"curies":[{"name":"wp","href":"https:\/\/api.w.org\/{rel}","templated":true}]}}