{"id":13,"date":"2023-10-11T16:03:53","date_gmt":"2023-10-11T14:03:53","guid":{"rendered":"https:\/\/osteopathes-neufgrange.fr\/?page_id=13"},"modified":"2024-02-28T09:34:17","modified_gmt":"2024-02-28T08:34:17","slug":"nos-specificites","status":"publish","type":"page","link":"https:\/\/osteopathes-neufgrange.fr\/?page_id=13","title":{"rendered":"Nos sp\u00e9cificit\u00e9s"},"content":{"rendered":"\t\t<div data-elementor-type=\"wp-page\" data-elementor-id=\"13\" class=\"elementor elementor-13\">\n\t\t\t\t\t\t\t<div class=\"elementor-element elementor-element-6fb1e56 e-flex e-con-boxed e-con e-parent\" data-id=\"6fb1e56\" data-element_type=\"container\" data-settings=\"{&quot;content_width&quot;:&quot;boxed&quot;}\" data-core-v316-plus=\"true\">\n\t\t\t\t\t<div class=\"e-con-inner\">\n\t\t\t\t<div class=\"elementor-element elementor-element-c468965 elementor-widget elementor-widget-heading\" data-id=\"c468965\" data-element_type=\"widget\" data-widget_type=\"heading.default\">\n\t\t\t\t<div class=\"elementor-widget-container\">\n\t\t\t<style>\/*! elementor - v3.18.0 - 20-12-2023 *\/\n.elementor-heading-title{padding:0;margin:0;line-height:1}.elementor-widget-heading .elementor-heading-title[class*=elementor-size-]>a{color:inherit;font-size:inherit;line-height:inherit}.elementor-widget-heading .elementor-heading-title.elementor-size-small{font-size:15px}.elementor-widget-heading .elementor-heading-title.elementor-size-medium{font-size:19px}.elementor-widget-heading .elementor-heading-title.elementor-size-large{font-size:29px}.elementor-widget-heading .elementor-heading-title.elementor-size-xl{font-size:39px}.elementor-widget-heading .elementor-heading-title.elementor-size-xxl{font-size:59px}<\/style><h2 class=\"elementor-heading-title elementor-size-default\">Nos sp\u00e9cificit\u00e9s<\/h2>\t\t<\/div>\n\t\t\t\t<\/div>\n\t\t\t\t<div class=\"elementor-element elementor-element-d3a0256 elementor-widget elementor-widget-text-editor\" data-id=\"d3a0256\" data-element_type=\"widget\" data-widget_type=\"text-editor.default\">\n\t\t\t\t<div class=\"elementor-widget-container\">\n\t\t\t<style>\/*! elementor - v3.18.0 - 20-12-2023 *\/\n.elementor-widget-text-editor.elementor-drop-cap-view-stacked .elementor-drop-cap{background-color:#69727d;color:#fff}.elementor-widget-text-editor.elementor-drop-cap-view-framed .elementor-drop-cap{color:#69727d;border:3px solid;background-color:transparent}.elementor-widget-text-editor:not(.elementor-drop-cap-view-default) .elementor-drop-cap{margin-top:8px}.elementor-widget-text-editor:not(.elementor-drop-cap-view-default) .elementor-drop-cap-letter{width:1em;height:1em}.elementor-widget-text-editor .elementor-drop-cap{float:left;text-align:center;line-height:1;font-size:50px}.elementor-widget-text-editor .elementor-drop-cap-letter{display:inline-block}<\/style>\t\t\t\t<p>Nos sp\u00e9cificit\u00e9s<\/p>\t\t\t\t\t\t<\/div>\n\t\t\t\t<\/div>\n\t\t\t\t<div class=\"elementor-element elementor-element-c2ef385 elementor-widget elementor-widget-text-editor\" data-id=\"c2ef385\" data-element_type=\"widget\" data-widget_type=\"text-editor.default\">\n\t\t\t\t<div class=\"elementor-widget-container\">\n\t\t\t\t\t\t\t<p>L\u2019ost\u00e9opathie, \u00ab VOUS &amp; VOTRE Sant\u00e9 \u00bb est n\u00e9e de 25 ans d\u2019exp\u00e9rience dans le domaine de la sant\u00e9 et de nombreuses formations sur la compr\u00e9hension, le fonctionnement et les besoins de l\u2019\u00eatre humain.<\/p>\n<p>Nous avons \u00e0 c\u0153ur de soulager les douleurs, mais surtout d\u2019apporter un \u00e9quilibre physique\/\u00e9motionnel durable : un v\u00e9ritable mieux \u00eatre pour une vie plus l\u00e9g\u00e8re, plus \u00e9panouie, et surtout de retrouver sa force int\u00e9rieure et son plein potentiel afin de mener \u00e0 bien tous vos projets priv\u00e9s\/professionnels.<\/p>\n<p>Nous allions nos comp\u00e9tences afin de vous apporter selon vos besoins une prise en charge compl\u00e8te.<\/p>\n<p>Ceci commence par une \u00e9coute attentive et un bilan approfondi, qui d\u00e9terminera le r\u00f4le de chacun dans votre prise en charge et les r\u00e9orientations \u00e9ventuelles vers votre m\u00e9decin traitant ou d&rsquo;autres professionnels de sant\u00e9.<\/p>\t\t\t\t\t\t<\/div>\n\t\t\t\t<\/div>\n\t\t\t\t<div class=\"elementor-element elementor-element-2e26f59 elementor-widget elementor-widget-text-editor\" data-id=\"2e26f59\" data-element_type=\"widget\" data-widget_type=\"text-editor.default\">\n\t\t\t\t<div class=\"elementor-widget-container\">\n\t\t\t\t\t\t\tUn accompagnement dans les diff\u00e9rentes phases de votre vie\t\t\t\t\t\t<\/div>\n\t\t\t\t<\/div>\n\t\t\t\t<div class=\"elementor-element elementor-element-892bf55 elementor-widget elementor-widget-image\" data-id=\"892bf55\" data-element_type=\"widget\" data-widget_type=\"image.default\">\n\t\t\t\t<div class=\"elementor-widget-container\">\n\t\t\t<style>\/*! elementor - v3.18.0 - 20-12-2023 *\/\n.elementor-widget-image{text-align:center}.elementor-widget-image a{display:inline-block}.elementor-widget-image a img[src$=\".svg\"]{width:48px}.elementor-widget-image img{vertical-align:middle;display:inline-block}<\/style>\t\t\t\t\t\t\t\t\t\t\t\t<img fetchpriority=\"high\" decoding=\"async\" width=\"1000\" height=\"737\" src=\"https:\/\/osteopathes-neufgrange.fr\/wp-content\/uploads\/2024\/02\/visuel-puzzle-specialisation.png\" class=\"attachment-full size-full wp-image-745\" alt=\"\" srcset=\"https:\/\/osteopathes-neufgrange.fr\/wp-content\/uploads\/2024\/02\/visuel-puzzle-specialisation.png 1000w, https:\/\/osteopathes-neufgrange.fr\/wp-content\/uploads\/2024\/02\/visuel-puzzle-specialisation-300x221.png 300w, https:\/\/osteopathes-neufgrange.fr\/wp-content\/uploads\/2024\/02\/visuel-puzzle-specialisation-768x566.png 768w\" sizes=\"(max-width: 1000px) 100vw, 1000px\" \/>\t\t\t\t\t\t\t\t\t\t\t\t\t\t\t<\/div>\n\t\t\t\t<\/div>\n\t\t\t\t<div class=\"elementor-element elementor-element-d607e90 elementor-widget elementor-widget-text-editor\" data-id=\"d607e90\" data-element_type=\"widget\" data-widget_type=\"text-editor.default\">\n\t\t\t\t<div class=\"elementor-widget-container\">\n\t\t\t\t\t\t\t<p>Un accompagnement dans les moments clefs pour une lib\u00e9ration profonde des maux cristallis\u00e9s dans votre organisme, responsables de d\u00e9s\u00e9quilibres, de surcharge mentale&#8230;<\/p>\t\t\t\t\t\t<\/div>\n\t\t\t\t<\/div>\n\t\t\t\t<div class=\"elementor-element elementor-element-dfc1423 elementor-widget elementor-widget-image\" data-id=\"dfc1423\" data-element_type=\"widget\" data-widget_type=\"image.default\">\n\t\t\t\t<div class=\"elementor-widget-container\">\n\t\t\t\t\t\t\t\t\t\t\t\t\t\t\t<img decoding=\"async\" width=\"1640\" height=\"924\" src=\"https:\/\/osteopathes-neufgrange.fr\/wp-content\/uploads\/2024\/02\/osteopathie-equilibre-emotionnel-charge-5.jpg\" class=\"attachment-full size-full wp-image-689\" alt=\"\" srcset=\"https:\/\/osteopathes-neufgrange.fr\/wp-content\/uploads\/2024\/02\/osteopathie-equilibre-emotionnel-charge-5.jpg 1640w, https:\/\/osteopathes-neufgrange.fr\/wp-content\/uploads\/2024\/02\/osteopathie-equilibre-emotionnel-charge-5-300x169.jpg 300w, https:\/\/osteopathes-neufgrange.fr\/wp-content\/uploads\/2024\/02\/osteopathie-equilibre-emotionnel-charge-5-1024x577.jpg 1024w, https:\/\/osteopathes-neufgrange.fr\/wp-content\/uploads\/2024\/02\/osteopathie-equilibre-emotionnel-charge-5-768x433.jpg 768w, https:\/\/osteopathes-neufgrange.fr\/wp-content\/uploads\/2024\/02\/osteopathie-equilibre-emotionnel-charge-5-1536x865.jpg 1536w, https:\/\/osteopathes-neufgrange.fr\/wp-content\/uploads\/2024\/02\/osteopathie-equilibre-emotionnel-charge-5-800x450.jpg 800w\" sizes=\"(max-width: 1640px) 100vw, 1640px\" \/>\t\t\t\t\t\t\t\t\t\t\t\t\t\t\t<\/div>\n\t\t\t\t<\/div>\n\t\t\t\t\t<\/div>\n\t\t\t\t<\/div>\n\t\t\t\t\t\t\t<\/div>\n\t\t","protected":false},"excerpt":{"rendered":"<p>Nos sp\u00e9cificit\u00e9s Nos sp\u00e9cificit\u00e9s L\u2019ost\u00e9opathie, \u00ab VOUS &amp; VOTRE Sant\u00e9 \u00bb est n\u00e9e de 25 ans d\u2019exp\u00e9rience dans le domaine de la sant\u00e9 et de nombreuses formations sur la compr\u00e9hension, le fonctionnement et les besoins de l\u2019\u00eatre humain. Nous avons \u00e0 c\u0153ur de soulager les douleurs, mais surtout d\u2019apporter un \u00e9quilibre physique\/\u00e9motionnel durable : un [&hellip;]<\/p>\n","protected":false},"author":1,"featured_media":0,"parent":0,"menu_order":0,"comment_status":"closed","ping_status":"closed","template":"","meta":{"footnotes":""},"class_list":["post-13","page","type-page","status-publish","hentry","entry"],"yoast_head":"<!-- This site is optimized with the Yoast SEO plugin v21.7 - https:\/\/yoast.com\/wordpress\/plugins\/seo\/ -->\n<title>Nos sp\u00e9cificit\u00e9s - Ost\u00e9opathes Neufgrange<\/title>\n<meta name=\"robots\" content=\"index, follow, max-snippet:-1, max-image-preview:large, max-video-preview:-1\" \/>\n<link rel=\"canonical\" href=\"https:\/\/osteopathes-neufgrange.fr\/?page_id=13\" \/>\n<meta property=\"og:locale\" content=\"fr_FR\" \/>\n<meta property=\"og:type\" content=\"article\" \/>\n<meta property=\"og:title\" content=\"Nos sp\u00e9cificit\u00e9s - Ost\u00e9opathes Neufgrange\" \/>\n<meta property=\"og:description\" content=\"Nos sp\u00e9cificit\u00e9s Nos sp\u00e9cificit\u00e9s L\u2019ost\u00e9opathie, \u00ab VOUS &amp; VOTRE Sant\u00e9 \u00bb est n\u00e9e de 25 ans d\u2019exp\u00e9rience dans le domaine de la sant\u00e9 et de nombreuses formations sur la compr\u00e9hension, le fonctionnement et les besoins de l\u2019\u00eatre humain. Nous avons \u00e0 c\u0153ur de soulager les douleurs, mais surtout d\u2019apporter un \u00e9quilibre physique\/\u00e9motionnel durable : un [&hellip;]\" \/>\n<meta property=\"og:url\" content=\"https:\/\/osteopathes-neufgrange.fr\/?page_id=13\" \/>\n<meta property=\"og:site_name\" content=\"Ost\u00e9opathes Neufgrange\" \/>\n<meta property=\"article:modified_time\" content=\"2024-02-28T08:34:17+00:00\" \/>\n<meta property=\"og:image\" content=\"https:\/\/osteopathes-neufgrange.fr\/wp-content\/uploads\/2024\/02\/visuel-puzzle-specialisation.png\" \/>\n<meta name=\"twitter:card\" content=\"summary_large_image\" \/>\n<meta name=\"twitter:label1\" content=\"Dur\u00e9e de lecture estim\u00e9e\" \/>\n\t<meta name=\"twitter:data1\" content=\"2 minutes\" \/>\n<script type=\"application\/ld+json\" class=\"yoast-schema-graph\">{\"@context\":\"https:\/\/schema.org\",\"@graph\":[{\"@type\":\"WebPage\",\"@id\":\"https:\/\/osteopathes-neufgrange.fr\/?page_id=13\",\"url\":\"https:\/\/osteopathes-neufgrange.fr\/?page_id=13\",\"name\":\"Nos sp\u00e9cificit\u00e9s - Ost\u00e9opathes Neufgrange\",\"isPartOf\":{\"@id\":\"https:\/\/osteopathes-neufgrange.fr\/#website\"},\"datePublished\":\"2023-10-11T14:03:53+00:00\",\"dateModified\":\"2024-02-28T08:34:17+00:00\",\"breadcrumb\":{\"@id\":\"https:\/\/osteopathes-neufgrange.fr\/?page_id=13#breadcrumb\"},\"inLanguage\":\"fr-FR\",\"potentialAction\":[{\"@type\":\"ReadAction\",\"target\":[\"https:\/\/osteopathes-neufgrange.fr\/?page_id=13\"]}]},{\"@type\":\"BreadcrumbList\",\"@id\":\"https:\/\/osteopathes-neufgrange.fr\/?page_id=13#breadcrumb\",\"itemListElement\":[{\"@type\":\"ListItem\",\"position\":1,\"name\":\"Accueil\",\"item\":\"https:\/\/osteopathes-neufgrange.fr\/\"},{\"@type\":\"ListItem\",\"position\":2,\"name\":\"Nos sp\u00e9cificit\u00e9s\"}]},{\"@type\":\"WebSite\",\"@id\":\"https:\/\/osteopathes-neufgrange.fr\/#website\",\"url\":\"https:\/\/osteopathes-neufgrange.fr\/\",\"name\":\"Ost\u00e9opathes Neufgrange\",\"description\":\"\",\"publisher\":{\"@id\":\"https:\/\/osteopathes-neufgrange.fr\/#organization\"},\"potentialAction\":[{\"@type\":\"SearchAction\",\"target\":{\"@type\":\"EntryPoint\",\"urlTemplate\":\"https:\/\/osteopathes-neufgrange.fr\/?s={search_term_string}\"},\"query-input\":\"required name=search_term_string\"}],\"inLanguage\":\"fr-FR\"},{\"@type\":\"Organization\",\"@id\":\"https:\/\/osteopathes-neufgrange.fr\/#organization\",\"name\":\"Ost\u00e9opathes Neufgrange\",\"url\":\"https:\/\/osteopathes-neufgrange.fr\/\",\"logo\":{\"@type\":\"ImageObject\",\"inLanguage\":\"fr-FR\",\"@id\":\"https:\/\/osteopathes-neufgrange.fr\/#\/schema\/logo\/image\/\",\"url\":\"https:\/\/osteopathes-neufgrange.fr\/wp-content\/uploads\/2024\/03\/cropped-20240318-logo-def-sabine-engel.png\",\"contentUrl\":\"https:\/\/osteopathes-neufgrange.fr\/wp-content\/uploads\/2024\/03\/cropped-20240318-logo-def-sabine-engel.png\",\"width\":1366,\"height\":502,\"caption\":\"Ost\u00e9opathes Neufgrange\"},\"image\":{\"@id\":\"https:\/\/osteopathes-neufgrange.fr\/#\/schema\/logo\/image\/\"}}]}<\/script>\n<!-- \/ Yoast SEO plugin. -->","yoast_head_json":{"title":"Nos sp\u00e9cificit\u00e9s - Ost\u00e9opathes Neufgrange","robots":{"index":"index","follow":"follow","max-snippet":"max-snippet:-1","max-image-preview":"max-image-preview:large","max-video-preview":"max-video-preview:-1"},"canonical":"https:\/\/osteopathes-neufgrange.fr\/?page_id=13","og_locale":"fr_FR","og_type":"article","og_title":"Nos sp\u00e9cificit\u00e9s - Ost\u00e9opathes Neufgrange","og_description":"Nos sp\u00e9cificit\u00e9s Nos sp\u00e9cificit\u00e9s L\u2019ost\u00e9opathie, \u00ab VOUS &amp; VOTRE Sant\u00e9 \u00bb est n\u00e9e de 25 ans d\u2019exp\u00e9rience dans le domaine de la sant\u00e9 et de nombreuses formations sur la compr\u00e9hension, le fonctionnement et les besoins de l\u2019\u00eatre humain. Nous avons \u00e0 c\u0153ur de soulager les douleurs, mais surtout d\u2019apporter un \u00e9quilibre physique\/\u00e9motionnel durable : un [&hellip;]","og_url":"https:\/\/osteopathes-neufgrange.fr\/?page_id=13","og_site_name":"Ost\u00e9opathes Neufgrange","article_modified_time":"2024-02-28T08:34:17+00:00","og_image":[{"url":"https:\/\/osteopathes-neufgrange.fr\/wp-content\/uploads\/2024\/02\/visuel-puzzle-specialisation.png"}],"twitter_card":"summary_large_image","twitter_misc":{"Dur\u00e9e de lecture estim\u00e9e":"2 minutes"},"schema":{"@context":"https:\/\/schema.org","@graph":[{"@type":"WebPage","@id":"https:\/\/osteopathes-neufgrange.fr\/?page_id=13","url":"https:\/\/osteopathes-neufgrange.fr\/?page_id=13","name":"Nos sp\u00e9cificit\u00e9s - Ost\u00e9opathes Neufgrange","isPartOf":{"@id":"https:\/\/osteopathes-neufgrange.fr\/#website"},"datePublished":"2023-10-11T14:03:53+00:00","dateModified":"2024-02-28T08:34:17+00:00","breadcrumb":{"@id":"https:\/\/osteopathes-neufgrange.fr\/?page_id=13#breadcrumb"},"inLanguage":"fr-FR","potentialAction":[{"@type":"ReadAction","target":["https:\/\/osteopathes-neufgrange.fr\/?page_id=13"]}]},{"@type":"BreadcrumbList","@id":"https:\/\/osteopathes-neufgrange.fr\/?page_id=13#breadcrumb","itemListElement":[{"@type":"ListItem","position":1,"name":"Accueil","item":"https:\/\/osteopathes-neufgrange.fr\/"},{"@type":"ListItem","position":2,"name":"Nos sp\u00e9cificit\u00e9s"}]},{"@type":"WebSite","@id":"https:\/\/osteopathes-neufgrange.fr\/#website","url":"https:\/\/osteopathes-neufgrange.fr\/","name":"Ost\u00e9opathes Neufgrange","description":"","publisher":{"@id":"https:\/\/osteopathes-neufgrange.fr\/#organization"},"potentialAction":[{"@type":"SearchAction","target":{"@type":"EntryPoint","urlTemplate":"https:\/\/osteopathes-neufgrange.fr\/?s={search_term_string}"},"query-input":"required name=search_term_string"}],"inLanguage":"fr-FR"},{"@type":"Organization","@id":"https:\/\/osteopathes-neufgrange.fr\/#organization","name":"Ost\u00e9opathes Neufgrange","url":"https:\/\/osteopathes-neufgrange.fr\/","logo":{"@type":"ImageObject","inLanguage":"fr-FR","@id":"https:\/\/osteopathes-neufgrange.fr\/#\/schema\/logo\/image\/","url":"https:\/\/osteopathes-neufgrange.fr\/wp-content\/uploads\/2024\/03\/cropped-20240318-logo-def-sabine-engel.png","contentUrl":"https:\/\/osteopathes-neufgrange.fr\/wp-content\/uploads\/2024\/03\/cropped-20240318-logo-def-sabine-engel.png","width":1366,"height":502,"caption":"Ost\u00e9opathes Neufgrange"},"image":{"@id":"https:\/\/osteopathes-neufgrange.fr\/#\/schema\/logo\/image\/"}}]}},"_links":{"self":[{"href":"https:\/\/osteopathes-neufgrange.fr\/index.php?rest_route=\/wp\/v2\/pages\/13","targetHints":{"allow":["GET"]}}],"collection":[{"href":"https:\/\/osteopathes-neufgrange.fr\/index.php?rest_route=\/wp\/v2\/pages"}],"about":[{"href":"https:\/\/osteopathes-neufgrange.fr\/index.php?rest_route=\/wp\/v2\/types\/page"}],"author":[{"embeddable":true,"href":"https:\/\/osteopathes-neufgrange.fr\/index.php?rest_route=\/wp\/v2\/users\/1"}],"replies":[{"embeddable":true,"href":"https:\/\/osteopathes-neufgrange.fr\/index.php?rest_route=%2Fwp%2Fv2%2Fcomments&post=13"}],"version-history":[{"count":76,"href":"https:\/\/osteopathes-neufgrange.fr\/index.php?rest_route=\/wp\/v2\/pages\/13\/revisions"}],"predecessor-version":[{"id":748,"href":"https:\/\/osteopathes-neufgrange.fr\/index.php?rest_route=\/wp\/v2\/pages\/13\/revisions\/748"}],"wp:attachment":[{"href":"https:\/\/osteopathes-neufgrange.fr\/index.php?rest_route=%2Fwp%2Fv2%2Fmedia&parent=13"}],"curies":[{"name":"wp","href":"https:\/\/api.w.org\/{rel}","templated":true}]}}