{"id":16,"date":"2023-10-11T16:05:16","date_gmt":"2023-10-11T14:05:16","guid":{"rendered":"https:\/\/osteopathes-neufgrange.fr\/?page_id=16"},"modified":"2025-09-10T17:29:01","modified_gmt":"2025-09-10T15:29:01","slug":"contactez-nous","status":"publish","type":"page","link":"https:\/\/osteopathes-neufgrange.fr\/?page_id=16","title":{"rendered":"Contactez-nous"},"content":{"rendered":"\t\t<div data-elementor-type=\"wp-page\" data-elementor-id=\"16\" class=\"elementor elementor-16\">\n\t\t\t\t\t\t\t<div class=\"elementor-element elementor-element-7d3daf0 e-flex e-con-boxed e-con e-parent\" data-id=\"7d3daf0\" data-element_type=\"container\" data-settings=\"{&quot;content_width&quot;:&quot;boxed&quot;}\" data-core-v316-plus=\"true\">\n\t\t\t\t\t<div class=\"e-con-inner\">\n\t\t\t\t<div class=\"elementor-element elementor-element-5209af5 elementor-widget elementor-widget-image\" data-id=\"5209af5\" data-element_type=\"widget\" data-widget_type=\"image.default\">\n\t\t\t\t<div class=\"elementor-widget-container\">\n\t\t\t<style>\/*! elementor - v3.18.0 - 20-12-2023 *\/\n.elementor-widget-image{text-align:center}.elementor-widget-image a{display:inline-block}.elementor-widget-image a img[src$=\".svg\"]{width:48px}.elementor-widget-image img{vertical-align:middle;display:inline-block}<\/style>\t\t\t\t\t\t\t\t\t\t\t\t<img decoding=\"async\" src=\"https:\/\/osteopathes-neufgrange.fr\/wp-content\/uploads\/elementor\/thumbs\/sabine-engel-et-nicolas-schwartz2-qlej5dk3wbbddqtn1odg27tjethwv173q7qgt3lio6.png\" title=\"sabine engel et nicolas schwartz2\" alt=\"\" loading=\"lazy\" \/>\t\t\t\t\t\t\t\t\t\t\t\t\t\t\t<\/div>\n\t\t\t\t<\/div>\n\t\t\t\t\t<\/div>\n\t\t\t\t<\/div>\n\t\t<div class=\"elementor-element elementor-element-c26b2e9 e-flex e-con-boxed e-con e-parent\" data-id=\"c26b2e9\" data-element_type=\"container\" data-settings=\"{&quot;content_width&quot;:&quot;boxed&quot;}\" data-core-v316-plus=\"true\">\n\t\t\t\t\t<div class=\"e-con-inner\">\n\t\t\t\t<div class=\"elementor-element elementor-element-4e57673 elementor-widget elementor-widget-text-editor\" data-id=\"4e57673\" data-element_type=\"widget\" data-widget_type=\"text-editor.default\">\n\t\t\t\t<div class=\"elementor-widget-container\">\n\t\t\t<style>\/*! elementor - v3.18.0 - 20-12-2023 *\/\n.elementor-widget-text-editor.elementor-drop-cap-view-stacked .elementor-drop-cap{background-color:#69727d;color:#fff}.elementor-widget-text-editor.elementor-drop-cap-view-framed .elementor-drop-cap{color:#69727d;border:3px solid;background-color:transparent}.elementor-widget-text-editor:not(.elementor-drop-cap-view-default) .elementor-drop-cap{margin-top:8px}.elementor-widget-text-editor:not(.elementor-drop-cap-view-default) .elementor-drop-cap-letter{width:1em;height:1em}.elementor-widget-text-editor .elementor-drop-cap{float:left;text-align:center;line-height:1;font-size:50px}.elementor-widget-text-editor .elementor-drop-cap-letter{display:inline-block}<\/style>\t\t\t\t<p>Dans une volont\u00e9 de vous accompagner avec la meilleure prise en charge possible adapt\u00e9e \u00e0 vos besoins, nous vous recommandons de nous contacter directement notamment pour un premier rendez-vous afin d&rsquo;\u00e9valuer ensemble si votre sant\u00e9 vous montre des signes qui rel\u00e8vent de nos comp\u00e9tences.<br \/>Dans le cas contraire, nous vous orienterons vers le professionnel de Sant\u00e9 adapt\u00e9 \u00e0 vos besoins tel que m\u00e9decin traitant, dentiste, orthodontiste, orthophoniste, psychologue, sage- femme, Masseur-kin\u00e9sith\u00e9rapeute&#8230;<\/p>\t\t\t\t\t\t<\/div>\n\t\t\t\t<\/div>\n\t\t\t\t<div class=\"elementor-element elementor-element-1346dcb elementor-widget elementor-widget-text-editor\" data-id=\"1346dcb\" data-element_type=\"widget\" data-widget_type=\"text-editor.default\">\n\t\t\t\t<div class=\"elementor-widget-container\">\n\t\t\t\t\t\t\t<p>Contactez-nous directement au&nbsp;<strong>06 59 44 12 54<\/strong><\/p>\t\t\t\t\t\t<\/div>\n\t\t\t\t<\/div>\n\t\t\t\t<div class=\"elementor-element elementor-element-ebcf431 elementor-arrows-position-inside elementor-pagination-position-outside elementor-widget elementor-widget-image-carousel\" data-id=\"ebcf431\" data-element_type=\"widget\" data-settings=\"{&quot;slides_to_show&quot;:&quot;1&quot;,&quot;navigation&quot;:&quot;both&quot;,&quot;autoplay&quot;:&quot;yes&quot;,&quot;pause_on_hover&quot;:&quot;yes&quot;,&quot;pause_on_interaction&quot;:&quot;yes&quot;,&quot;autoplay_speed&quot;:5000,&quot;infinite&quot;:&quot;yes&quot;,&quot;effect&quot;:&quot;slide&quot;,&quot;speed&quot;:500}\" data-widget_type=\"image-carousel.default\">\n\t\t\t\t<div class=\"elementor-widget-container\">\n\t\t\t<style>\/*! elementor - v3.18.0 - 20-12-2023 *\/\n.elementor-widget-image-carousel .swiper,.elementor-widget-image-carousel .swiper-container{position:static}.elementor-widget-image-carousel .swiper-container .swiper-slide figure,.elementor-widget-image-carousel .swiper .swiper-slide figure{line-height:inherit}.elementor-widget-image-carousel .swiper-slide{text-align:center}.elementor-image-carousel-wrapper:not(.swiper-container-initialized):not(.swiper-initialized) .swiper-slide{max-width:calc(100% \/ var(--e-image-carousel-slides-to-show, 3))}<\/style>\t\t<div class=\"elementor-image-carousel-wrapper swiper\" dir=\"ltr\">\n\t\t\t<div class=\"elementor-image-carousel swiper-wrapper\" aria-live=\"off\">\n\t\t\t\t\t\t\t\t<div class=\"swiper-slide\" role=\"group\" aria-roledescription=\"slide\" aria-label=\"1 sur 2\"><figure class=\"swiper-slide-inner\"><img decoding=\"async\" class=\"swiper-slide-image\" src=\"https:\/\/osteopathes-neufgrange.fr\/wp-content\/uploads\/2024\/01\/cabinet-exterieur.png\" alt=\"\" \/><\/figure><\/div><div class=\"swiper-slide\" role=\"group\" aria-roledescription=\"slide\" aria-label=\"2 sur 2\"><figure class=\"swiper-slide-inner\"><img decoding=\"async\" class=\"swiper-slide-image\" src=\"https:\/\/osteopathes-neufgrange.fr\/wp-content\/uploads\/2024\/01\/cabinet-exterieur-2.png\" alt=\"\" \/><\/figure><\/div>\t\t\t<\/div>\n\t\t\t\t\t\t\t\t\t\t\t\t<div class=\"elementor-swiper-button elementor-swiper-button-prev\" role=\"button\" tabindex=\"0\">\n\t\t\t\t\t\t<i aria-hidden=\"true\" class=\"eicon-chevron-left\"><\/i>\t\t\t\t\t<\/div>\n\t\t\t\t\t<div class=\"elementor-swiper-button elementor-swiper-button-next\" role=\"button\" tabindex=\"0\">\n\t\t\t\t\t\t<i aria-hidden=\"true\" class=\"eicon-chevron-right\"><\/i>\t\t\t\t\t<\/div>\n\t\t\t\t\n\t\t\t\t\t\t\t\t\t<div class=\"swiper-pagination\"><\/div>\n\t\t\t\t\t\t\t\t\t<\/div>\n\t\t\t\t<\/div>\n\t\t\t\t<\/div>\n\t\t\t\t<div class=\"elementor-element elementor-element-078eb65 elementor-widget elementor-widget-text-editor\" data-id=\"078eb65\" data-element_type=\"widget\" data-widget_type=\"text-editor.default\">\n\t\t\t\t<div class=\"elementor-widget-container\">\n\t\t\t\t\t\t\t<p>Pour toute modification de rendez-vous, vous pouvez nous joindre au 06 59 44 12 54.<\/p>\t\t\t\t\t\t<\/div>\n\t\t\t\t<\/div>\n\t\t\t\t<div class=\"elementor-element elementor-element-aaab8a8 elementor-widget elementor-widget-text-editor\" data-id=\"aaab8a8\" data-element_type=\"widget\" data-widget_type=\"text-editor.default\">\n\t\t\t\t<div class=\"elementor-widget-container\">\n\t\t\t\t\t\t\t<p><strong>Adresse<\/strong> : 2B Rue Saint-Michel, 57910 Neufgrange<\/p>\t\t\t\t\t\t<\/div>\n\t\t\t\t<\/div>\n\t\t\t\t<div class=\"elementor-element elementor-element-5aaf031 elementor-widget elementor-widget-text-editor\" data-id=\"5aaf031\" data-element_type=\"widget\" data-widget_type=\"text-editor.default\">\n\t\t\t\t<div class=\"elementor-widget-container\">\n\t\t\t\t\t\t\t<p><strong>E<\/strong><strong>ntr\u00e9e \u00e0 l&rsquo;arri\u00e8re du b\u00e2timent<\/strong><\/p>\t\t\t\t\t\t<\/div>\n\t\t\t\t<\/div>\n\t\t\t\t\t<\/div>\n\t\t\t\t<\/div>\n\t\t<div class=\"elementor-element elementor-element-48bc845 e-flex e-con-boxed e-con e-parent\" data-id=\"48bc845\" data-element_type=\"container\" data-settings=\"{&quot;content_width&quot;:&quot;boxed&quot;}\" data-core-v316-plus=\"true\">\n\t\t\t\t\t<div class=\"e-con-inner\">\n\t\t\t\t<div class=\"elementor-element elementor-element-ac187d1 elementor-widget elementor-widget-image\" data-id=\"ac187d1\" data-element_type=\"widget\" data-widget_type=\"image.default\">\n\t\t\t\t<div class=\"elementor-widget-container\">\n\t\t\t\t\t\t\t\t\t\t\t\t\t\t\t<img decoding=\"async\" width=\"1024\" height=\"24\" src=\"https:\/\/osteopathes-neufgrange.fr\/wp-content\/uploads\/2024\/01\/ligne-1024x24.png\" class=\"attachment-large size-large wp-image-512\" alt=\"\" srcset=\"https:\/\/osteopathes-neufgrange.fr\/wp-content\/uploads\/2024\/01\/ligne-1024x24.png 1024w, https:\/\/osteopathes-neufgrange.fr\/wp-content\/uploads\/2024\/01\/ligne-300x7.png 300w, https:\/\/osteopathes-neufgrange.fr\/wp-content\/uploads\/2024\/01\/ligne-768x18.png 768w, https:\/\/osteopathes-neufgrange.fr\/wp-content\/uploads\/2024\/01\/ligne.png 1374w\" sizes=\"(max-width: 1024px) 100vw, 1024px\" \/>\t\t\t\t\t\t\t\t\t\t\t\t\t\t\t<\/div>\n\t\t\t\t<\/div>\n\t\t\t\t<div class=\"elementor-element elementor-element-2ff22ab elementor-widget elementor-widget-text-editor\" data-id=\"2ff22ab\" data-element_type=\"widget\" data-widget_type=\"text-editor.default\">\n\t\t\t\t<div class=\"elementor-widget-container\">\n\t\t\t\t\t\t\t<p>Prise de rendez-vous en ligne :<\/p>\t\t\t\t\t\t<\/div>\n\t\t\t\t<\/div>\n\t\t\t\t\t<\/div>\n\t\t\t\t<\/div>\n\t\t<div class=\"elementor-element elementor-element-69a032b e-flex e-con-boxed e-con e-parent\" data-id=\"69a032b\" data-element_type=\"container\" data-settings=\"{&quot;content_width&quot;:&quot;boxed&quot;}\" data-core-v316-plus=\"true\">\n\t\t\t\t\t<div class=\"e-con-inner\">\n\t\t\t\t<div class=\"elementor-element elementor-element-54dea37 elementor-widget elementor-widget-image\" data-id=\"54dea37\" data-element_type=\"widget\" data-widget_type=\"image.default\">\n\t\t\t\t<div class=\"elementor-widget-container\">\n\t\t\t\t\t\t\t\t\t\t\t\t\t\t\t<img fetchpriority=\"high\" decoding=\"async\" width=\"1024\" height=\"385\" src=\"https:\/\/osteopathes-neufgrange.fr\/wp-content\/uploads\/2024\/03\/zone-portrait-puzzle-v-def-1024x385.png\" class=\"attachment-large size-large wp-image-839\" alt=\"\" srcset=\"https:\/\/osteopathes-neufgrange.fr\/wp-content\/uploads\/2024\/03\/zone-portrait-puzzle-v-def-1024x385.png 1024w, https:\/\/osteopathes-neufgrange.fr\/wp-content\/uploads\/2024\/03\/zone-portrait-puzzle-v-def-300x113.png 300w, https:\/\/osteopathes-neufgrange.fr\/wp-content\/uploads\/2024\/03\/zone-portrait-puzzle-v-def-768x289.png 768w, https:\/\/osteopathes-neufgrange.fr\/wp-content\/uploads\/2024\/03\/zone-portrait-puzzle-v-def.png 1226w\" sizes=\"(max-width: 1024px) 100vw, 1024px\" \/>\t\t\t\t\t\t\t\t\t\t\t\t\t\t\t<\/div>\n\t\t\t\t<\/div>\n\t\t\t\t\t<\/div>\n\t\t\t\t<\/div>\n\t\t<div class=\"elementor-element elementor-element-be74b9f e-flex e-con-boxed e-con e-parent\" data-id=\"be74b9f\" data-element_type=\"container\" data-settings=\"{&quot;content_width&quot;:&quot;boxed&quot;}\" data-core-v316-plus=\"true\">\n\t\t\t\t\t<div class=\"e-con-inner\">\n\t\t<div class=\"elementor-element elementor-element-ffdfb03 e-con-full e-flex e-con e-child\" data-id=\"ffdfb03\" data-element_type=\"container\" data-settings=\"{&quot;content_width&quot;:&quot;full&quot;}\">\n\t\t\t\t<div class=\"elementor-element elementor-element-aeaa3ab elementor-align-center elementor-widget elementor-widget-button\" data-id=\"aeaa3ab\" data-element_type=\"widget\" data-widget_type=\"button.default\">\n\t\t\t\t<div class=\"elementor-widget-container\">\n\t\t\t\t\t<div class=\"elementor-button-wrapper\">\n\t\t\t<a class=\"elementor-button elementor-button-link elementor-size-sm\" href=\"https:\/\/prendre-mon-rdv.com\/engel-sabine\/osteopathe\/neufgrange\">\n\t\t\t\t\t\t<span class=\"elementor-button-content-wrapper\">\n\t\t\t\t\t\t<span class=\"elementor-button-icon elementor-align-icon-left\">\n\t\t\t\t<i aria-hidden=\"true\" class=\"fas fa-arrow-circle-right\"><\/i>\t\t\t<\/span>\n\t\t\t\t\t\t<span class=\"elementor-button-text\">Sabine engel<\/span>\n\t\t<\/span>\n\t\t\t\t\t<\/a>\n\t\t<\/div>\n\t\t\t\t<\/div>\n\t\t\t\t<\/div>\n\t\t\t\t<\/div>\n\t\t<div class=\"elementor-element elementor-element-c50f2f0 e-con-full e-flex e-con e-child\" data-id=\"c50f2f0\" data-element_type=\"container\" data-settings=\"{&quot;content_width&quot;:&quot;full&quot;}\">\n\t\t\t\t<div class=\"elementor-element elementor-element-225909b elementor-align-center elementor-widget elementor-widget-button\" data-id=\"225909b\" data-element_type=\"widget\" data-widget_type=\"button.default\">\n\t\t\t\t<div class=\"elementor-widget-container\">\n\t\t\t\t\t<div class=\"elementor-button-wrapper\">\n\t\t\t<a class=\"elementor-button elementor-button-link elementor-size-sm\" href=\"https:\/\/www.doctolib.fr\/osteopathe\/neufgrange\/nicolas-schwartz\">\n\t\t\t\t\t\t<span class=\"elementor-button-content-wrapper\">\n\t\t\t\t\t\t<span class=\"elementor-button-icon elementor-align-icon-left\">\n\t\t\t\t<i aria-hidden=\"true\" class=\"fas fa-arrow-circle-right\"><\/i>\t\t\t<\/span>\n\t\t\t\t\t\t<span class=\"elementor-button-text\">Nicolas schwartz<\/span>\n\t\t<\/span>\n\t\t\t\t\t<\/a>\n\t\t<\/div>\n\t\t\t\t<\/div>\n\t\t\t\t<\/div>\n\t\t\t\t<\/div>\n\t\t\t\t\t<\/div>\n\t\t\t\t<\/div>\n\t\t<div class=\"elementor-element elementor-element-b17104a e-flex e-con-boxed e-con e-parent\" data-id=\"b17104a\" data-element_type=\"container\" data-settings=\"{&quot;content_width&quot;:&quot;boxed&quot;}\" data-core-v316-plus=\"true\">\n\t\t\t\t\t<div class=\"e-con-inner\">\n\t\t\t\t<div class=\"elementor-element elementor-element-497e986 elementor-widget elementor-widget-spacer\" data-id=\"497e986\" data-element_type=\"widget\" data-widget_type=\"spacer.default\">\n\t\t\t\t<div class=\"elementor-widget-container\">\n\t\t\t<style>\/*! elementor - v3.18.0 - 20-12-2023 *\/\n.elementor-column .elementor-spacer-inner{height:var(--spacer-size)}.e-con{--container-widget-width:100%}.e-con-inner>.elementor-widget-spacer,.e-con>.elementor-widget-spacer{width:var(--container-widget-width,var(--spacer-size));--align-self:var(--container-widget-align-self,initial);--flex-shrink:0}.e-con-inner>.elementor-widget-spacer>.elementor-widget-container,.e-con>.elementor-widget-spacer>.elementor-widget-container{height:100%;width:100%}.e-con-inner>.elementor-widget-spacer>.elementor-widget-container>.elementor-spacer,.e-con>.elementor-widget-spacer>.elementor-widget-container>.elementor-spacer{height:100%}.e-con-inner>.elementor-widget-spacer>.elementor-widget-container>.elementor-spacer>.elementor-spacer-inner,.e-con>.elementor-widget-spacer>.elementor-widget-container>.elementor-spacer>.elementor-spacer-inner{height:var(--container-widget-height,var(--spacer-size))}.e-con-inner>.elementor-widget-spacer.elementor-widget-empty,.e-con>.elementor-widget-spacer.elementor-widget-empty{position:relative;min-height:22px;min-width:22px}.e-con-inner>.elementor-widget-spacer.elementor-widget-empty .elementor-widget-empty-icon,.e-con>.elementor-widget-spacer.elementor-widget-empty .elementor-widget-empty-icon{position:absolute;top:0;bottom:0;left:0;right:0;margin:auto;padding:0;width:22px;height:22px}<\/style>\t\t<div class=\"elementor-spacer\">\n\t\t\t<div class=\"elementor-spacer-inner\"><\/div>\n\t\t<\/div>\n\t\t\t\t<\/div>\n\t\t\t\t<\/div>\n\t\t\t\t\t<\/div>\n\t\t\t\t<\/div>\n\t\t<div class=\"elementor-element elementor-element-8139304 e-flex e-con-boxed e-con e-parent\" data-id=\"8139304\" data-element_type=\"container\" data-settings=\"{&quot;content_width&quot;:&quot;boxed&quot;}\" data-core-v316-plus=\"true\">\n\t\t\t\t\t<div class=\"e-con-inner\">\n\t\t\t\t<div class=\"elementor-element elementor-element-b0be640 elementor-widget elementor-widget-google_maps\" data-id=\"b0be640\" data-element_type=\"widget\" data-widget_type=\"google_maps.default\">\n\t\t\t\t<div class=\"elementor-widget-container\">\n\t\t\t<style>\/*! elementor - v3.18.0 - 20-12-2023 *\/\n.elementor-widget-google_maps .elementor-widget-container{overflow:hidden}.elementor-widget-google_maps .elementor-custom-embed{line-height:0}.elementor-widget-google_maps iframe{height:300px}<\/style>\t\t<div class=\"elementor-custom-embed\">\n\t\t\t<iframe loading=\"lazy\"\n\t\t\t\t\tsrc=\"https:\/\/maps.google.com\/maps?q=2B%20Rue%20Saint-Michel%2C%2057910%20Neufgrange&#038;t=m&#038;z=10&#038;output=embed&#038;iwloc=near\"\n\t\t\t\t\ttitle=\"2B Rue Saint-Michel, 57910 Neufgrange\"\n\t\t\t\t\taria-label=\"2B Rue Saint-Michel, 57910 Neufgrange\"\n\t\t\t><\/iframe>\n\t\t<\/div>\n\t\t\t\t<\/div>\n\t\t\t\t<\/div>\n\t\t\t\t\t<\/div>\n\t\t\t\t<\/div>\n\t\t\t\t\t\t\t<\/div>\n\t\t","protected":false},"excerpt":{"rendered":"<p>Dans une volont\u00e9 de vous accompagner avec la meilleure prise en charge possible adapt\u00e9e \u00e0 vos besoins, nous vous recommandons de nous contacter directement notamment pour un premier rendez-vous afin d&rsquo;\u00e9valuer ensemble si votre sant\u00e9 vous montre des signes qui rel\u00e8vent de nos comp\u00e9tences.Dans le cas contraire, nous vous orienterons vers le professionnel de Sant\u00e9 [&hellip;]<\/p>\n","protected":false},"author":1,"featured_media":0,"parent":0,"menu_order":0,"comment_status":"closed","ping_status":"closed","template":"","meta":{"footnotes":""},"class_list":["post-16","page","type-page","status-publish","hentry","entry"],"yoast_head":"<!-- This site is optimized with the Yoast SEO plugin v21.7 - https:\/\/yoast.com\/wordpress\/plugins\/seo\/ -->\n<title>Contactez-nous - Ost\u00e9opathes Neufgrange<\/title>\n<meta name=\"robots\" content=\"index, follow, max-snippet:-1, max-image-preview:large, max-video-preview:-1\" \/>\n<link rel=\"canonical\" href=\"https:\/\/osteopathes-neufgrange.fr\/?page_id=16\" \/>\n<meta property=\"og:locale\" content=\"fr_FR\" \/>\n<meta property=\"og:type\" content=\"article\" \/>\n<meta property=\"og:title\" content=\"Contactez-nous - Ost\u00e9opathes Neufgrange\" \/>\n<meta property=\"og:description\" content=\"Dans une volont\u00e9 de vous accompagner avec la meilleure prise en charge possible adapt\u00e9e \u00e0 vos besoins, nous vous recommandons de nous contacter directement notamment pour un premier rendez-vous afin d&rsquo;\u00e9valuer ensemble si votre sant\u00e9 vous montre des signes qui rel\u00e8vent de nos comp\u00e9tences.Dans le cas contraire, nous vous orienterons vers le professionnel de Sant\u00e9 [&hellip;]\" \/>\n<meta property=\"og:url\" content=\"https:\/\/osteopathes-neufgrange.fr\/?page_id=16\" \/>\n<meta property=\"og:site_name\" content=\"Ost\u00e9opathes Neufgrange\" \/>\n<meta property=\"article:modified_time\" content=\"2025-09-10T15:29:01+00:00\" \/>\n<meta property=\"og:image\" content=\"https:\/\/osteopathes-neufgrange.fr\/wp-content\/uploads\/elementor\/thumbs\/sabine-engel-et-nicolas-schwartz2-qlej5dk3wbbddqtn1odg27tjethwv173q7qgt3lio6.png\" \/>\n<meta name=\"twitter:card\" content=\"summary_large_image\" \/>\n<meta name=\"twitter:label1\" content=\"Dur\u00e9e de lecture estim\u00e9e\" \/>\n\t<meta name=\"twitter:data1\" content=\"2 minutes\" \/>\n<script type=\"application\/ld+json\" class=\"yoast-schema-graph\">{\"@context\":\"https:\/\/schema.org\",\"@graph\":[{\"@type\":\"WebPage\",\"@id\":\"https:\/\/osteopathes-neufgrange.fr\/?page_id=16\",\"url\":\"https:\/\/osteopathes-neufgrange.fr\/?page_id=16\",\"name\":\"Contactez-nous - Ost\u00e9opathes Neufgrange\",\"isPartOf\":{\"@id\":\"https:\/\/osteopathes-neufgrange.fr\/#website\"},\"datePublished\":\"2023-10-11T14:05:16+00:00\",\"dateModified\":\"2025-09-10T15:29:01+00:00\",\"breadcrumb\":{\"@id\":\"https:\/\/osteopathes-neufgrange.fr\/?page_id=16#breadcrumb\"},\"inLanguage\":\"fr-FR\",\"potentialAction\":[{\"@type\":\"ReadAction\",\"target\":[\"https:\/\/osteopathes-neufgrange.fr\/?page_id=16\"]}]},{\"@type\":\"BreadcrumbList\",\"@id\":\"https:\/\/osteopathes-neufgrange.fr\/?page_id=16#breadcrumb\",\"itemListElement\":[{\"@type\":\"ListItem\",\"position\":1,\"name\":\"Accueil\",\"item\":\"https:\/\/osteopathes-neufgrange.fr\/\"},{\"@type\":\"ListItem\",\"position\":2,\"name\":\"Contactez-nous\"}]},{\"@type\":\"WebSite\",\"@id\":\"https:\/\/osteopathes-neufgrange.fr\/#website\",\"url\":\"https:\/\/osteopathes-neufgrange.fr\/\",\"name\":\"Ost\u00e9opathes Neufgrange\",\"description\":\"\",\"publisher\":{\"@id\":\"https:\/\/osteopathes-neufgrange.fr\/#organization\"},\"potentialAction\":[{\"@type\":\"SearchAction\",\"target\":{\"@type\":\"EntryPoint\",\"urlTemplate\":\"https:\/\/osteopathes-neufgrange.fr\/?s={search_term_string}\"},\"query-input\":\"required name=search_term_string\"}],\"inLanguage\":\"fr-FR\"},{\"@type\":\"Organization\",\"@id\":\"https:\/\/osteopathes-neufgrange.fr\/#organization\",\"name\":\"Ost\u00e9opathes Neufgrange\",\"url\":\"https:\/\/osteopathes-neufgrange.fr\/\",\"logo\":{\"@type\":\"ImageObject\",\"inLanguage\":\"fr-FR\",\"@id\":\"https:\/\/osteopathes-neufgrange.fr\/#\/schema\/logo\/image\/\",\"url\":\"https:\/\/osteopathes-neufgrange.fr\/wp-content\/uploads\/2024\/03\/cropped-20240318-logo-def-sabine-engel.png\",\"contentUrl\":\"https:\/\/osteopathes-neufgrange.fr\/wp-content\/uploads\/2024\/03\/cropped-20240318-logo-def-sabine-engel.png\",\"width\":1366,\"height\":502,\"caption\":\"Ost\u00e9opathes Neufgrange\"},\"image\":{\"@id\":\"https:\/\/osteopathes-neufgrange.fr\/#\/schema\/logo\/image\/\"}}]}<\/script>\n<!-- \/ Yoast SEO plugin. -->","yoast_head_json":{"title":"Contactez-nous - Ost\u00e9opathes Neufgrange","robots":{"index":"index","follow":"follow","max-snippet":"max-snippet:-1","max-image-preview":"max-image-preview:large","max-video-preview":"max-video-preview:-1"},"canonical":"https:\/\/osteopathes-neufgrange.fr\/?page_id=16","og_locale":"fr_FR","og_type":"article","og_title":"Contactez-nous - Ost\u00e9opathes Neufgrange","og_description":"Dans une volont\u00e9 de vous accompagner avec la meilleure prise en charge possible adapt\u00e9e \u00e0 vos besoins, nous vous recommandons de nous contacter directement notamment pour un premier rendez-vous afin d&rsquo;\u00e9valuer ensemble si votre sant\u00e9 vous montre des signes qui rel\u00e8vent de nos comp\u00e9tences.Dans le cas contraire, nous vous orienterons vers le professionnel de Sant\u00e9 [&hellip;]","og_url":"https:\/\/osteopathes-neufgrange.fr\/?page_id=16","og_site_name":"Ost\u00e9opathes Neufgrange","article_modified_time":"2025-09-10T15:29:01+00:00","og_image":[{"url":"https:\/\/osteopathes-neufgrange.fr\/wp-content\/uploads\/elementor\/thumbs\/sabine-engel-et-nicolas-schwartz2-qlej5dk3wbbddqtn1odg27tjethwv173q7qgt3lio6.png"}],"twitter_card":"summary_large_image","twitter_misc":{"Dur\u00e9e de lecture estim\u00e9e":"2 minutes"},"schema":{"@context":"https:\/\/schema.org","@graph":[{"@type":"WebPage","@id":"https:\/\/osteopathes-neufgrange.fr\/?page_id=16","url":"https:\/\/osteopathes-neufgrange.fr\/?page_id=16","name":"Contactez-nous - Ost\u00e9opathes Neufgrange","isPartOf":{"@id":"https:\/\/osteopathes-neufgrange.fr\/#website"},"datePublished":"2023-10-11T14:05:16+00:00","dateModified":"2025-09-10T15:29:01+00:00","breadcrumb":{"@id":"https:\/\/osteopathes-neufgrange.fr\/?page_id=16#breadcrumb"},"inLanguage":"fr-FR","potentialAction":[{"@type":"ReadAction","target":["https:\/\/osteopathes-neufgrange.fr\/?page_id=16"]}]},{"@type":"BreadcrumbList","@id":"https:\/\/osteopathes-neufgrange.fr\/?page_id=16#breadcrumb","itemListElement":[{"@type":"ListItem","position":1,"name":"Accueil","item":"https:\/\/osteopathes-neufgrange.fr\/"},{"@type":"ListItem","position":2,"name":"Contactez-nous"}]},{"@type":"WebSite","@id":"https:\/\/osteopathes-neufgrange.fr\/#website","url":"https:\/\/osteopathes-neufgrange.fr\/","name":"Ost\u00e9opathes Neufgrange","description":"","publisher":{"@id":"https:\/\/osteopathes-neufgrange.fr\/#organization"},"potentialAction":[{"@type":"SearchAction","target":{"@type":"EntryPoint","urlTemplate":"https:\/\/osteopathes-neufgrange.fr\/?s={search_term_string}"},"query-input":"required name=search_term_string"}],"inLanguage":"fr-FR"},{"@type":"Organization","@id":"https:\/\/osteopathes-neufgrange.fr\/#organization","name":"Ost\u00e9opathes Neufgrange","url":"https:\/\/osteopathes-neufgrange.fr\/","logo":{"@type":"ImageObject","inLanguage":"fr-FR","@id":"https:\/\/osteopathes-neufgrange.fr\/#\/schema\/logo\/image\/","url":"https:\/\/osteopathes-neufgrange.fr\/wp-content\/uploads\/2024\/03\/cropped-20240318-logo-def-sabine-engel.png","contentUrl":"https:\/\/osteopathes-neufgrange.fr\/wp-content\/uploads\/2024\/03\/cropped-20240318-logo-def-sabine-engel.png","width":1366,"height":502,"caption":"Ost\u00e9opathes Neufgrange"},"image":{"@id":"https:\/\/osteopathes-neufgrange.fr\/#\/schema\/logo\/image\/"}}]}},"_links":{"self":[{"href":"https:\/\/osteopathes-neufgrange.fr\/index.php?rest_route=\/wp\/v2\/pages\/16","targetHints":{"allow":["GET"]}}],"collection":[{"href":"https:\/\/osteopathes-neufgrange.fr\/index.php?rest_route=\/wp\/v2\/pages"}],"about":[{"href":"https:\/\/osteopathes-neufgrange.fr\/index.php?rest_route=\/wp\/v2\/types\/page"}],"author":[{"embeddable":true,"href":"https:\/\/osteopathes-neufgrange.fr\/index.php?rest_route=\/wp\/v2\/users\/1"}],"replies":[{"embeddable":true,"href":"https:\/\/osteopathes-neufgrange.fr\/index.php?rest_route=%2Fwp%2Fv2%2Fcomments&post=16"}],"version-history":[{"count":142,"href":"https:\/\/osteopathes-neufgrange.fr\/index.php?rest_route=\/wp\/v2\/pages\/16\/revisions"}],"predecessor-version":[{"id":873,"href":"https:\/\/osteopathes-neufgrange.fr\/index.php?rest_route=\/wp\/v2\/pages\/16\/revisions\/873"}],"wp:attachment":[{"href":"https:\/\/osteopathes-neufgrange.fr\/index.php?rest_route=%2Fwp%2Fv2%2Fmedia&parent=16"}],"curies":[{"name":"wp","href":"https:\/\/api.w.org\/{rel}","templated":true}]}}