{"id":8,"date":"2023-10-11T15:44:02","date_gmt":"2023-10-11T13:44:02","guid":{"rendered":"https:\/\/osteopathes-neufgrange.fr\/?page_id=8"},"modified":"2024-03-18T18:31:10","modified_gmt":"2024-03-18T17:31:10","slug":"accueil","status":"publish","type":"page","link":"https:\/\/osteopathes-neufgrange.fr\/","title":{"rendered":"Accueil"},"content":{"rendered":"\t\t<div data-elementor-type=\"wp-page\" data-elementor-id=\"8\" class=\"elementor elementor-8\">\n\t\t\t\t\t\t\t<div class=\"elementor-element elementor-element-f1769bc e-flex e-con-boxed e-con e-parent\" data-id=\"f1769bc\" data-element_type=\"container\" data-settings=\"{&quot;content_width&quot;:&quot;boxed&quot;}\" data-core-v316-plus=\"true\">\n\t\t\t\t\t<div class=\"e-con-inner\">\n\t\t\t\t<div class=\"elementor-element elementor-element-aaab14f elementor-arrows-position-inside elementor-widget elementor-widget-image-carousel\" data-id=\"aaab14f\" data-element_type=\"widget\" data-settings=\"{&quot;slides_to_show&quot;:&quot;1&quot;,&quot;navigation&quot;:&quot;arrows&quot;,&quot;autoplay&quot;:&quot;yes&quot;,&quot;pause_on_hover&quot;:&quot;yes&quot;,&quot;pause_on_interaction&quot;:&quot;yes&quot;,&quot;autoplay_speed&quot;:5000,&quot;infinite&quot;:&quot;yes&quot;,&quot;effect&quot;:&quot;slide&quot;,&quot;speed&quot;:500}\" data-widget_type=\"image-carousel.default\">\n\t\t\t\t<div class=\"elementor-widget-container\">\n\t\t\t<style>\/*! elementor - v3.18.0 - 20-12-2023 *\/\n.elementor-widget-image-carousel .swiper,.elementor-widget-image-carousel .swiper-container{position:static}.elementor-widget-image-carousel .swiper-container .swiper-slide figure,.elementor-widget-image-carousel .swiper .swiper-slide figure{line-height:inherit}.elementor-widget-image-carousel .swiper-slide{text-align:center}.elementor-image-carousel-wrapper:not(.swiper-container-initialized):not(.swiper-initialized) .swiper-slide{max-width:calc(100% \/ var(--e-image-carousel-slides-to-show, 3))}<\/style>\t\t<div class=\"elementor-image-carousel-wrapper swiper\" dir=\"ltr\">\n\t\t\t<div class=\"elementor-image-carousel swiper-wrapper\" aria-live=\"off\">\n\t\t\t\t\t\t\t\t<div class=\"swiper-slide\" role=\"group\" aria-roledescription=\"slide\" aria-label=\"1 sur 6\"><figure class=\"swiper-slide-inner\"><img decoding=\"async\" class=\"swiper-slide-image\" src=\"https:\/\/osteopathes-neufgrange.fr\/wp-content\/uploads\/2024\/02\/femme-enceinte-accueil.jpg\" alt=\"\" \/><\/figure><\/div><div class=\"swiper-slide\" role=\"group\" aria-roledescription=\"slide\" aria-label=\"2 sur 6\"><figure class=\"swiper-slide-inner\"><img decoding=\"async\" class=\"swiper-slide-image\" src=\"https:\/\/osteopathes-neufgrange.fr\/wp-content\/uploads\/2024\/02\/main-bebe-accueil.jpg\" alt=\"\" \/><\/figure><\/div><div class=\"swiper-slide\" role=\"group\" aria-roledescription=\"slide\" aria-label=\"3 sur 6\"><figure class=\"swiper-slide-inner\"><img decoding=\"async\" class=\"swiper-slide-image\" src=\"https:\/\/osteopathes-neufgrange.fr\/wp-content\/uploads\/2024\/02\/corps-accueil.jpg\" alt=\"\" \/><\/figure><\/div><div class=\"swiper-slide\" role=\"group\" aria-roledescription=\"slide\" aria-label=\"4 sur 6\"><figure class=\"swiper-slide-inner\"><img decoding=\"async\" class=\"swiper-slide-image\" src=\"https:\/\/osteopathes-neufgrange.fr\/wp-content\/uploads\/2024\/01\/1.png\" alt=\"\" \/><\/figure><\/div><div class=\"swiper-slide\" role=\"group\" aria-roledescription=\"slide\" aria-label=\"5 sur 6\"><figure class=\"swiper-slide-inner\"><img decoding=\"async\" class=\"swiper-slide-image\" src=\"https:\/\/osteopathes-neufgrange.fr\/wp-content\/uploads\/2024\/01\/3.png\" alt=\"\" \/><\/figure><\/div><div class=\"swiper-slide\" role=\"group\" aria-roledescription=\"slide\" aria-label=\"6 sur 6\"><figure class=\"swiper-slide-inner\"><img decoding=\"async\" class=\"swiper-slide-image\" src=\"https:\/\/osteopathes-neufgrange.fr\/wp-content\/uploads\/2024\/01\/2.png\" alt=\"\" \/><\/figure><\/div>\t\t\t<\/div>\n\t\t\t\t\t\t\t\t\t\t\t\t<div class=\"elementor-swiper-button elementor-swiper-button-prev\" role=\"button\" tabindex=\"0\">\n\t\t\t\t\t\t<i aria-hidden=\"true\" class=\"eicon-chevron-left\"><\/i>\t\t\t\t\t<\/div>\n\t\t\t\t\t<div class=\"elementor-swiper-button elementor-swiper-button-next\" role=\"button\" tabindex=\"0\">\n\t\t\t\t\t\t<i aria-hidden=\"true\" class=\"eicon-chevron-right\"><\/i>\t\t\t\t\t<\/div>\n\t\t\t\t\n\t\t\t\t\t\t\t\t\t<\/div>\n\t\t\t\t<\/div>\n\t\t\t\t<\/div>\n\t\t\t\t\t<\/div>\n\t\t\t\t<\/div>\n\t\t<div class=\"elementor-element elementor-element-12a077b e-flex e-con-boxed e-con e-parent\" data-id=\"12a077b\" data-element_type=\"container\" data-settings=\"{&quot;content_width&quot;:&quot;boxed&quot;}\" data-core-v316-plus=\"true\">\n\t\t\t\t\t<div class=\"e-con-inner\">\n\t\t\t\t<div class=\"elementor-element elementor-element-5c513ce elementor-widget elementor-widget-spacer\" data-id=\"5c513ce\" data-element_type=\"widget\" data-widget_type=\"spacer.default\">\n\t\t\t\t<div class=\"elementor-widget-container\">\n\t\t\t<style>\/*! elementor - v3.18.0 - 20-12-2023 *\/\n.elementor-column .elementor-spacer-inner{height:var(--spacer-size)}.e-con{--container-widget-width:100%}.e-con-inner>.elementor-widget-spacer,.e-con>.elementor-widget-spacer{width:var(--container-widget-width,var(--spacer-size));--align-self:var(--container-widget-align-self,initial);--flex-shrink:0}.e-con-inner>.elementor-widget-spacer>.elementor-widget-container,.e-con>.elementor-widget-spacer>.elementor-widget-container{height:100%;width:100%}.e-con-inner>.elementor-widget-spacer>.elementor-widget-container>.elementor-spacer,.e-con>.elementor-widget-spacer>.elementor-widget-container>.elementor-spacer{height:100%}.e-con-inner>.elementor-widget-spacer>.elementor-widget-container>.elementor-spacer>.elementor-spacer-inner,.e-con>.elementor-widget-spacer>.elementor-widget-container>.elementor-spacer>.elementor-spacer-inner{height:var(--container-widget-height,var(--spacer-size))}.e-con-inner>.elementor-widget-spacer.elementor-widget-empty,.e-con>.elementor-widget-spacer.elementor-widget-empty{position:relative;min-height:22px;min-width:22px}.e-con-inner>.elementor-widget-spacer.elementor-widget-empty .elementor-widget-empty-icon,.e-con>.elementor-widget-spacer.elementor-widget-empty .elementor-widget-empty-icon{position:absolute;top:0;bottom:0;left:0;right:0;margin:auto;padding:0;width:22px;height:22px}<\/style>\t\t<div class=\"elementor-spacer\">\n\t\t\t<div class=\"elementor-spacer-inner\"><\/div>\n\t\t<\/div>\n\t\t\t\t<\/div>\n\t\t\t\t<\/div>\n\t\t\t\t<div class=\"elementor-element elementor-element-a680b5d elementor-widget elementor-widget-heading\" data-id=\"a680b5d\" data-element_type=\"widget\" data-widget_type=\"heading.default\">\n\t\t\t\t<div class=\"elementor-widget-container\">\n\t\t\t<style>\/*! elementor - v3.18.0 - 20-12-2023 *\/\n.elementor-heading-title{padding:0;margin:0;line-height:1}.elementor-widget-heading .elementor-heading-title[class*=elementor-size-]>a{color:inherit;font-size:inherit;line-height:inherit}.elementor-widget-heading .elementor-heading-title.elementor-size-small{font-size:15px}.elementor-widget-heading .elementor-heading-title.elementor-size-medium{font-size:19px}.elementor-widget-heading .elementor-heading-title.elementor-size-large{font-size:29px}.elementor-widget-heading .elementor-heading-title.elementor-size-xl{font-size:39px}.elementor-widget-heading .elementor-heading-title.elementor-size-xxl{font-size:59px}<\/style><h2 class=\"elementor-heading-title elementor-size-default\">Nos sp\u00e9cialisations<\/h2>\t\t<\/div>\n\t\t\t\t<\/div>\n\t\t\t\t<div class=\"elementor-element elementor-element-78e6f5d elementor-widget elementor-widget-spacer\" data-id=\"78e6f5d\" data-element_type=\"widget\" data-widget_type=\"spacer.default\">\n\t\t\t\t<div class=\"elementor-widget-container\">\n\t\t\t\t\t<div class=\"elementor-spacer\">\n\t\t\t<div class=\"elementor-spacer-inner\"><\/div>\n\t\t<\/div>\n\t\t\t\t<\/div>\n\t\t\t\t<\/div>\n\t\t\t\t\t<\/div>\n\t\t\t\t<\/div>\n\t\t<div class=\"elementor-element elementor-element-b6bbe8d e-con-full e-flex e-con e-parent\" data-id=\"b6bbe8d\" data-element_type=\"container\" data-settings=\"{&quot;content_width&quot;:&quot;full&quot;}\" data-core-v316-plus=\"true\">\n\t\t<div class=\"elementor-element elementor-element-e7b01d5 e-con-full e-flex e-con e-child\" data-id=\"e7b01d5\" data-element_type=\"container\" data-settings=\"{&quot;content_width&quot;:&quot;full&quot;,&quot;background_background&quot;:&quot;classic&quot;}\">\n\t\t\t\t<div class=\"elementor-element elementor-element-e37c444 elementor-widget elementor-widget-text-editor\" data-id=\"e37c444\" data-element_type=\"widget\" data-widget_type=\"text-editor.default\">\n\t\t\t\t<div class=\"elementor-widget-container\">\n\t\t\t<style>\/*! elementor - v3.18.0 - 20-12-2023 *\/\n.elementor-widget-text-editor.elementor-drop-cap-view-stacked .elementor-drop-cap{background-color:#69727d;color:#fff}.elementor-widget-text-editor.elementor-drop-cap-view-framed .elementor-drop-cap{color:#69727d;border:3px solid;background-color:transparent}.elementor-widget-text-editor:not(.elementor-drop-cap-view-default) .elementor-drop-cap{margin-top:8px}.elementor-widget-text-editor:not(.elementor-drop-cap-view-default) .elementor-drop-cap-letter{width:1em;height:1em}.elementor-widget-text-editor .elementor-drop-cap{float:left;text-align:center;line-height:1;font-size:50px}.elementor-widget-text-editor .elementor-drop-cap-letter{display:inline-block}<\/style>\t\t\t\t<div>Ost\u00e9opathie&nbsp;<\/div>\t\t\t\t\t\t<\/div>\n\t\t\t\t<\/div>\n\t\t\t\t<div class=\"elementor-element elementor-element-cb40a72 elementor-widget elementor-widget-text-editor\" data-id=\"cb40a72\" data-element_type=\"widget\" data-widget_type=\"text-editor.default\">\n\t\t\t\t<div class=\"elementor-widget-container\">\n\t\t\t\t\t\t\t<div>douce tissulaire<\/div>\t\t\t\t\t\t<\/div>\n\t\t\t\t<\/div>\n\t\t\t\t<\/div>\n\t\t<div class=\"elementor-element elementor-element-62a9d90 e-con-full e-flex e-con e-child\" data-id=\"62a9d90\" data-element_type=\"container\" data-settings=\"{&quot;content_width&quot;:&quot;full&quot;,&quot;background_background&quot;:&quot;classic&quot;}\">\n\t\t\t\t<div class=\"elementor-element elementor-element-0a0d212 elementor-widget elementor-widget-text-editor\" data-id=\"0a0d212\" data-element_type=\"widget\" data-widget_type=\"text-editor.default\">\n\t\t\t\t<div class=\"elementor-widget-container\">\n\t\t\t\t\t\t\t<div>Ost\u00e9opathie&nbsp;<\/div>\t\t\t\t\t\t<\/div>\n\t\t\t\t<\/div>\n\t\t\t\t<div class=\"elementor-element elementor-element-8476d8b elementor-widget elementor-widget-text-editor\" data-id=\"8476d8b\" data-element_type=\"widget\" data-widget_type=\"text-editor.default\">\n\t\t\t\t<div class=\"elementor-widget-container\">\n\t\t\t\t\t\t\t<div>P\u00e9diatrique<\/div>\t\t\t\t\t\t<\/div>\n\t\t\t\t<\/div>\n\t\t\t\t<\/div>\n\t\t<div class=\"elementor-element elementor-element-084b06a e-con-full e-flex e-con e-child\" data-id=\"084b06a\" data-element_type=\"container\" data-settings=\"{&quot;content_width&quot;:&quot;full&quot;,&quot;background_background&quot;:&quot;classic&quot;}\">\n\t\t\t\t<div class=\"elementor-element elementor-element-0bdec51 elementor-widget elementor-widget-text-editor\" data-id=\"0bdec51\" data-element_type=\"widget\" data-widget_type=\"text-editor.default\">\n\t\t\t\t<div class=\"elementor-widget-container\">\n\t\t\t\t\t\t\t<div>Ost\u00e9opathie&nbsp;<\/div>\t\t\t\t\t\t<\/div>\n\t\t\t\t<\/div>\n\t\t\t\t<div class=\"elementor-element elementor-element-2625346 elementor-widget elementor-widget-text-editor\" data-id=\"2625346\" data-element_type=\"widget\" data-widget_type=\"text-editor.default\">\n\t\t\t\t<div class=\"elementor-widget-container\">\n\t\t\t\t\t\t\t<div>Equilibre<\/div><div>Physique\/\u00e9motionnel<\/div>\t\t\t\t\t\t<\/div>\n\t\t\t\t<\/div>\n\t\t\t\t<\/div>\n\t\t<div class=\"elementor-element elementor-element-02b925f e-con-full e-flex e-con e-child\" data-id=\"02b925f\" data-element_type=\"container\" data-settings=\"{&quot;content_width&quot;:&quot;full&quot;,&quot;background_background&quot;:&quot;classic&quot;}\">\n\t\t\t\t<div class=\"elementor-element elementor-element-3dc5f42 elementor-widget elementor-widget-text-editor\" data-id=\"3dc5f42\" data-element_type=\"widget\" data-widget_type=\"text-editor.default\">\n\t\t\t\t<div class=\"elementor-widget-container\">\n\t\t\t\t\t\t\t<div>Ost\u00e9opathie&nbsp;<\/div>\t\t\t\t\t\t<\/div>\n\t\t\t\t<\/div>\n\t\t\t\t<div class=\"elementor-element elementor-element-7f38d62 elementor-widget elementor-widget-text-editor\" data-id=\"7f38d62\" data-element_type=\"widget\" data-widget_type=\"text-editor.default\">\n\t\t\t\t<div class=\"elementor-widget-container\">\n\t\t\t\t\t\t\t<div>sportive<\/div>\t\t\t\t\t\t<\/div>\n\t\t\t\t<\/div>\n\t\t\t\t<\/div>\n\t\t\t\t<\/div>\n\t\t<div class=\"elementor-element elementor-element-156b57a e-flex e-con-boxed e-con e-parent\" data-id=\"156b57a\" data-element_type=\"container\" data-settings=\"{&quot;content_width&quot;:&quot;boxed&quot;}\" data-core-v316-plus=\"true\">\n\t\t\t\t\t<div class=\"e-con-inner\">\n\t\t\t\t<div class=\"elementor-element elementor-element-6fd1483 elementor-widget elementor-widget-spacer\" data-id=\"6fd1483\" data-element_type=\"widget\" data-widget_type=\"spacer.default\">\n\t\t\t\t<div class=\"elementor-widget-container\">\n\t\t\t\t\t<div class=\"elementor-spacer\">\n\t\t\t<div class=\"elementor-spacer-inner\"><\/div>\n\t\t<\/div>\n\t\t\t\t<\/div>\n\t\t\t\t<\/div>\n\t\t\t\t<div class=\"elementor-element elementor-element-ad512b3 elementor-widget elementor-widget-image\" data-id=\"ad512b3\" data-element_type=\"widget\" data-widget_type=\"image.default\">\n\t\t\t\t<div class=\"elementor-widget-container\">\n\t\t\t<style>\/*! elementor - v3.18.0 - 20-12-2023 *\/\n.elementor-widget-image{text-align:center}.elementor-widget-image a{display:inline-block}.elementor-widget-image a img[src$=\".svg\"]{width:48px}.elementor-widget-image img{vertical-align:middle;display:inline-block}<\/style>\t\t\t\t\t\t\t\t\t\t\t\t<img decoding=\"async\" width=\"687\" height=\"31\" src=\"https:\/\/osteopathes-neufgrange.fr\/wp-content\/uploads\/2024\/02\/Plan-de-travail-2.png\" class=\"attachment-large size-large wp-image-638\" alt=\"\" srcset=\"https:\/\/osteopathes-neufgrange.fr\/wp-content\/uploads\/2024\/02\/Plan-de-travail-2.png 687w, https:\/\/osteopathes-neufgrange.fr\/wp-content\/uploads\/2024\/02\/Plan-de-travail-2-300x14.png 300w\" sizes=\"(max-width: 687px) 100vw, 687px\" \/>\t\t\t\t\t\t\t\t\t\t\t\t\t\t\t<\/div>\n\t\t\t\t<\/div>\n\t\t\t\t<div class=\"elementor-element elementor-element-c5587d0 elementor-widget elementor-widget-image\" data-id=\"c5587d0\" data-element_type=\"widget\" data-widget_type=\"image.default\">\n\t\t\t\t<div class=\"elementor-widget-container\">\n\t\t\t\t\t\t\t\t\t\t\t\t\t\t\t\t<a href=\"https:\/\/osteopathes-neufgrange.fr\/?page_id=16\">\n\t\t\t\t\t\t\t<img decoding=\"async\" src=\"https:\/\/osteopathes-neufgrange.fr\/wp-content\/uploads\/elementor\/thumbs\/vignette-conseils-accueil-v-def-qleingqq0ei55szl5ft2fs2p2fzc0xp20sghtwyz4o.png\" title=\"vignette-conseils-accueil-v-def\" alt=\"\" loading=\"lazy\" \/>\t\t\t\t\t\t\t\t<\/a>\n\t\t\t\t\t\t\t\t\t\t\t\t\t\t\t<\/div>\n\t\t\t\t<\/div>\n\t\t\t\t\t<\/div>\n\t\t\t\t<\/div>\n\t\t\t\t\t\t\t<\/div>\n\t\t","protected":false},"excerpt":{"rendered":"<p>Nos sp\u00e9cialisations Ost\u00e9opathie&nbsp;douce tissulaireOst\u00e9opathie&nbsp;P\u00e9diatriqueOst\u00e9opathie&nbsp;EquilibrePhysique\/\u00e9motionnelOst\u00e9opathie&nbsp;sportive<\/p>\n","protected":false},"author":1,"featured_media":0,"parent":0,"menu_order":0,"comment_status":"closed","ping_status":"closed","template":"","meta":{"footnotes":""},"class_list":["post-8","page","type-page","status-publish","hentry","entry"],"yoast_head":"<!-- This site is optimized with the Yoast SEO plugin v21.7 - https:\/\/yoast.com\/wordpress\/plugins\/seo\/ -->\n<title>Accueil - Ost\u00e9opathes Neufgrange<\/title>\n<meta name=\"robots\" content=\"index, follow, max-snippet:-1, max-image-preview:large, max-video-preview:-1\" \/>\n<link rel=\"canonical\" href=\"https:\/\/osteopathes-neufgrange.fr\/\" \/>\n<meta property=\"og:locale\" content=\"fr_FR\" \/>\n<meta property=\"og:type\" content=\"article\" \/>\n<meta property=\"og:title\" content=\"Accueil - Ost\u00e9opathes Neufgrange\" \/>\n<meta property=\"og:description\" content=\"Nos sp\u00e9cialisations Ost\u00e9opathie&nbsp;douce tissulaireOst\u00e9opathie&nbsp;P\u00e9diatriqueOst\u00e9opathie&nbsp;EquilibrePhysique\/\u00e9motionnelOst\u00e9opathie&nbsp;sportive\" \/>\n<meta property=\"og:url\" content=\"https:\/\/osteopathes-neufgrange.fr\/\" \/>\n<meta property=\"og:site_name\" content=\"Ost\u00e9opathes Neufgrange\" \/>\n<meta property=\"article:modified_time\" content=\"2024-03-18T17:31:10+00:00\" \/>\n<meta property=\"og:image\" content=\"https:\/\/osteopathes-neufgrange.fr\/wp-content\/uploads\/2024\/02\/femme-enceinte-accueil.jpg\" \/>\n<meta name=\"twitter:card\" content=\"summary_large_image\" \/>\n<meta name=\"twitter:label1\" content=\"Dur\u00e9e de lecture estim\u00e9e\" \/>\n\t<meta name=\"twitter:data1\" content=\"2 minutes\" \/>\n<script type=\"application\/ld+json\" class=\"yoast-schema-graph\">{\"@context\":\"https:\/\/schema.org\",\"@graph\":[{\"@type\":\"WebPage\",\"@id\":\"https:\/\/osteopathes-neufgrange.fr\/\",\"url\":\"https:\/\/osteopathes-neufgrange.fr\/\",\"name\":\"Accueil - Ost\u00e9opathes Neufgrange\",\"isPartOf\":{\"@id\":\"https:\/\/osteopathes-neufgrange.fr\/#website\"},\"datePublished\":\"2023-10-11T13:44:02+00:00\",\"dateModified\":\"2024-03-18T17:31:10+00:00\",\"breadcrumb\":{\"@id\":\"https:\/\/osteopathes-neufgrange.fr\/#breadcrumb\"},\"inLanguage\":\"fr-FR\",\"potentialAction\":[{\"@type\":\"ReadAction\",\"target\":[\"https:\/\/osteopathes-neufgrange.fr\/\"]}]},{\"@type\":\"BreadcrumbList\",\"@id\":\"https:\/\/osteopathes-neufgrange.fr\/#breadcrumb\",\"itemListElement\":[{\"@type\":\"ListItem\",\"position\":1,\"name\":\"Accueil\",\"item\":\"https:\/\/osteopathes-neufgrange.fr\/\"},{\"@type\":\"ListItem\",\"position\":2,\"name\":\"Accueil\"}]},{\"@type\":\"WebSite\",\"@id\":\"https:\/\/osteopathes-neufgrange.fr\/#website\",\"url\":\"https:\/\/osteopathes-neufgrange.fr\/\",\"name\":\"Ost\u00e9opathes Neufgrange\",\"description\":\"\",\"publisher\":{\"@id\":\"https:\/\/osteopathes-neufgrange.fr\/#organization\"},\"potentialAction\":[{\"@type\":\"SearchAction\",\"target\":{\"@type\":\"EntryPoint\",\"urlTemplate\":\"https:\/\/osteopathes-neufgrange.fr\/?s={search_term_string}\"},\"query-input\":\"required name=search_term_string\"}],\"inLanguage\":\"fr-FR\"},{\"@type\":\"Organization\",\"@id\":\"https:\/\/osteopathes-neufgrange.fr\/#organization\",\"name\":\"Ost\u00e9opathes Neufgrange\",\"url\":\"https:\/\/osteopathes-neufgrange.fr\/\",\"logo\":{\"@type\":\"ImageObject\",\"inLanguage\":\"fr-FR\",\"@id\":\"https:\/\/osteopathes-neufgrange.fr\/#\/schema\/logo\/image\/\",\"url\":\"https:\/\/osteopathes-neufgrange.fr\/wp-content\/uploads\/2024\/03\/cropped-20240318-logo-def-sabine-engel.png\",\"contentUrl\":\"https:\/\/osteopathes-neufgrange.fr\/wp-content\/uploads\/2024\/03\/cropped-20240318-logo-def-sabine-engel.png\",\"width\":1366,\"height\":502,\"caption\":\"Ost\u00e9opathes Neufgrange\"},\"image\":{\"@id\":\"https:\/\/osteopathes-neufgrange.fr\/#\/schema\/logo\/image\/\"}}]}<\/script>\n<!-- \/ Yoast SEO plugin. -->","yoast_head_json":{"title":"Accueil - Ost\u00e9opathes Neufgrange","robots":{"index":"index","follow":"follow","max-snippet":"max-snippet:-1","max-image-preview":"max-image-preview:large","max-video-preview":"max-video-preview:-1"},"canonical":"https:\/\/osteopathes-neufgrange.fr\/","og_locale":"fr_FR","og_type":"article","og_title":"Accueil - Ost\u00e9opathes Neufgrange","og_description":"Nos sp\u00e9cialisations Ost\u00e9opathie&nbsp;douce tissulaireOst\u00e9opathie&nbsp;P\u00e9diatriqueOst\u00e9opathie&nbsp;EquilibrePhysique\/\u00e9motionnelOst\u00e9opathie&nbsp;sportive","og_url":"https:\/\/osteopathes-neufgrange.fr\/","og_site_name":"Ost\u00e9opathes Neufgrange","article_modified_time":"2024-03-18T17:31:10+00:00","og_image":[{"url":"https:\/\/osteopathes-neufgrange.fr\/wp-content\/uploads\/2024\/02\/femme-enceinte-accueil.jpg"}],"twitter_card":"summary_large_image","twitter_misc":{"Dur\u00e9e de lecture estim\u00e9e":"2 minutes"},"schema":{"@context":"https:\/\/schema.org","@graph":[{"@type":"WebPage","@id":"https:\/\/osteopathes-neufgrange.fr\/","url":"https:\/\/osteopathes-neufgrange.fr\/","name":"Accueil - Ost\u00e9opathes Neufgrange","isPartOf":{"@id":"https:\/\/osteopathes-neufgrange.fr\/#website"},"datePublished":"2023-10-11T13:44:02+00:00","dateModified":"2024-03-18T17:31:10+00:00","breadcrumb":{"@id":"https:\/\/osteopathes-neufgrange.fr\/#breadcrumb"},"inLanguage":"fr-FR","potentialAction":[{"@type":"ReadAction","target":["https:\/\/osteopathes-neufgrange.fr\/"]}]},{"@type":"BreadcrumbList","@id":"https:\/\/osteopathes-neufgrange.fr\/#breadcrumb","itemListElement":[{"@type":"ListItem","position":1,"name":"Accueil","item":"https:\/\/osteopathes-neufgrange.fr\/"},{"@type":"ListItem","position":2,"name":"Accueil"}]},{"@type":"WebSite","@id":"https:\/\/osteopathes-neufgrange.fr\/#website","url":"https:\/\/osteopathes-neufgrange.fr\/","name":"Ost\u00e9opathes Neufgrange","description":"","publisher":{"@id":"https:\/\/osteopathes-neufgrange.fr\/#organization"},"potentialAction":[{"@type":"SearchAction","target":{"@type":"EntryPoint","urlTemplate":"https:\/\/osteopathes-neufgrange.fr\/?s={search_term_string}"},"query-input":"required name=search_term_string"}],"inLanguage":"fr-FR"},{"@type":"Organization","@id":"https:\/\/osteopathes-neufgrange.fr\/#organization","name":"Ost\u00e9opathes Neufgrange","url":"https:\/\/osteopathes-neufgrange.fr\/","logo":{"@type":"ImageObject","inLanguage":"fr-FR","@id":"https:\/\/osteopathes-neufgrange.fr\/#\/schema\/logo\/image\/","url":"https:\/\/osteopathes-neufgrange.fr\/wp-content\/uploads\/2024\/03\/cropped-20240318-logo-def-sabine-engel.png","contentUrl":"https:\/\/osteopathes-neufgrange.fr\/wp-content\/uploads\/2024\/03\/cropped-20240318-logo-def-sabine-engel.png","width":1366,"height":502,"caption":"Ost\u00e9opathes Neufgrange"},"image":{"@id":"https:\/\/osteopathes-neufgrange.fr\/#\/schema\/logo\/image\/"}}]}},"_links":{"self":[{"href":"https:\/\/osteopathes-neufgrange.fr\/index.php?rest_route=\/wp\/v2\/pages\/8","targetHints":{"allow":["GET"]}}],"collection":[{"href":"https:\/\/osteopathes-neufgrange.fr\/index.php?rest_route=\/wp\/v2\/pages"}],"about":[{"href":"https:\/\/osteopathes-neufgrange.fr\/index.php?rest_route=\/wp\/v2\/types\/page"}],"author":[{"embeddable":true,"href":"https:\/\/osteopathes-neufgrange.fr\/index.php?rest_route=\/wp\/v2\/users\/1"}],"replies":[{"embeddable":true,"href":"https:\/\/osteopathes-neufgrange.fr\/index.php?rest_route=%2Fwp%2Fv2%2Fcomments&post=8"}],"version-history":[{"count":100,"href":"https:\/\/osteopathes-neufgrange.fr\/index.php?rest_route=\/wp\/v2\/pages\/8\/revisions"}],"predecessor-version":[{"id":827,"href":"https:\/\/osteopathes-neufgrange.fr\/index.php?rest_route=\/wp\/v2\/pages\/8\/revisions\/827"}],"wp:attachment":[{"href":"https:\/\/osteopathes-neufgrange.fr\/index.php?rest_route=%2Fwp%2Fv2%2Fmedia&parent=8"}],"curies":[{"name":"wp","href":"https:\/\/api.w.org\/{rel}","templated":true}]}}